{"id":858,"date":"2016-07-05T12:17:40","date_gmt":"2016-07-05T15:17:40","guid":{"rendered":"http:\/\/genewei.com\/br\/?post_type=product&#038;p=858"},"modified":"2018-02-24T13:58:24","modified_gmt":"2018-02-24T16:58:24","slug":"coq-10","status":"publish","type":"product","link":"http:\/\/genewei.com\/br\/produto\/coq-10\/","title":{"rendered":"CoQ-10 Q-Best 100 (60 gelcaps)"},"content":{"rendered":"\n<!-- Facebook Like Button Vivacity Infotech BEGIN -->\n<div class=\"fb-like\" data-href=\"http:\/\/genewei.com\/br\/produto\/coq-10\/\" data-layout=\"standard\" data-action=\"like\" data-show-faces=\"true\" data-size=\"small\" data-width=\"550\" data-share=\"1\" ><\/div>\n<!-- Facebook Like Button Vivacity Infotech END -->\n<p>&nbsp;<\/p>\n<p>1 unidade (suficiente para 15 dias), assim recomendamos 3 ou mais unidades na 1a encomenda.<\/p>\n<p class=\"style57\" style=\"text-align: left;\" align=\"center\"><strong>CoQ-10 \u00e9 literalmente a &#8220;vela&#8221; da c\u00e9lula.<\/strong> Mais de 4 mil estudos cl\u00ednicos t\u00eam comprovado que quanto mais CoQ-10 voc\u00ea tem em seu corpo, mais saud\u00e1vel e longa ser\u00e1 a sua vida. A pesquisa mostra muita vantagem em tomar Poly-MVA e Co-Q10 ao mesmo tempo.<\/p>\n<h3><img loading=\"lazy\" class=\"size-full wp-image-507 alignright\" src=\"http:\/\/curasdocancer.com\/lojavirtual\/wp-content\/uploads\/coq10-melhor-absorvido.jpg\" alt=\"coq10-melhor-absorvido\" width=\"140\" height=\"90\" \/><span style=\"color: #333399;\">Um CoQ1O que \u00e9 200% a 800% melhor absorvido do que outros no mercado.<\/span><\/h3>\n<ul>\n<li>Ajuda a manter todas as c\u00e9lulas do corpo saud\u00e1vel<\/li>\n<li>Desempenha um papel vital na produ\u00e7\u00e3o de energia celular<\/li>\n<li>Rep\u00f5e os n\u00edveis de CoQ10 resultantes do protocolo de estatina para baixar o colesterol<\/li>\n<li>Apoia a sa\u00fade do cora\u00e7\u00e3o<\/li>\n<li>Funciona como um antioxidante<\/li>\n<li>Ajuda a manter a press\u00e3o sangu\u00ednea saud\u00e1vel<\/li>\n<\/ul>\n<h3 style=\"text-align: center;\"><strong><span style=\"color: #333399;\">Fisicamente diferente.\u00a0<\/span><\/strong><strong><span style=\"color: #333399;\">Experimentalmente comprovado\u00a0o Melhor:<\/span><\/strong><\/h3>\n<h3 style=\"text-align: center;\"><span style=\"color: #333399;\">Absor\u00e7\u00e3o Plasma COQ10 do Q-Best<\/span><br \/>\n<span style=\"color: #333399;\">Em compara\u00e7\u00e3o com 9 Outros Tipos de Produto<\/span><\/h3>\n<p style=\"text-align: center;\"><img loading=\"lazy\" class=\"alignnone size-full wp-image-509\" src=\"http:\/\/curasdocancer.com\/lojavirtual\/wp-content\/uploads\/coq10-maior-plasma.jpg\" alt=\"coq10-maior-plasma\" width=\"800\" height=\"517\" \/><\/p>\n<h3><span style=\"color: #333399;\"><strong>\u00d3ptima Capacidade de Absor\u00e7\u00e3o Cristal-Livre Tecnologia Tri-L\u00edpida<\/strong><\/span><\/h3>\n<p>Formas cristalinas (p\u00f3 seco) de CoQ10 n\u00e3o s\u00e3o bem absorvidas porque cristais de CoQ10 n\u00e3o se dissolvem totalmente no intestino e o corpo n\u00e3o consegue absorver cristais.<\/p>\n<p>Sistemas de entrega de CoQ10 \u00e0 base de lip\u00eddios (ou seja, softgels \u00e0 base de \u00f3leo, lipossomas, micelas e nanopart\u00edculas) come\u00e7am todos como p\u00f3 seco e cont\u00eam cristais de CoQ10 parcialmente dissolvidos.<\/p>\n<p>Q-Best \u00e9 livre de cristal porque Tecnologia Tri-L\u00edpida propriet\u00e1ria mant\u00e9m cristais CoQ10 completamente dissolvidos atrav\u00e9s de uma ampla faixa de temperatura. O resultado \u00e9 absor\u00e7\u00e3o que \u00e9 8x superior que p\u00f3 seco e pelo menos 2x maior do que as outras prepara\u00e7\u00f5es \u00e0 base de l\u00edpidos.<\/p>\n<h3 style=\"text-align: center;\"><span style=\"color: #333399;\">Clareza livre de cristal do Q-Best<\/span><br \/>\n<span style=\"color: #333399;\">Comparado a outros tipos de COQ10<\/span><\/h3>\n<h2 class=\"style57\" style=\"text-align: left;\" align=\"center\"><span class=\"style57\"><img loading=\"lazy\" class=\"size-full wp-image-511 aligncenter\" src=\"http:\/\/curasdocancer.com\/lojavirtual\/wp-content\/uploads\/coq10-livre-cristal.jpg\" alt=\"coq10-livre-cristal\" width=\"680\" height=\"185\" \/><\/span><br \/>\n<span style=\"color: #333399;\">Nem todos os produtos CoQ10 s\u00e3o criados iguais.<\/span><\/h2>\n<p>Com centenas de diferentes produtos CoQ10 no mercado, saber qual deles escolher para seus pacientes pode ser uma tarefa assustadora. Diferen\u00e7as substanciais na <b>q<\/b><strong>ualidade e capacidade de absor\u00e7\u00e3o<\/strong> exigem que voc\u00ea fa\u00e7a a melhor escolha para garantir que seus pacientes recebam o que precisam, e pelo que eles est\u00e3o pagando.<\/p>\n<p><span style=\"color: #333399;\"><strong><img loading=\"lazy\" class=\"size-full wp-image-512 aligncenter\" src=\"http:\/\/curasdocancer.com\/lojavirtual\/wp-content\/uploads\/coq10-absorcao.jpg\" alt=\"coq10-absorcao\" width=\"450\" height=\"670\" \/><\/strong><\/span><\/p>\n<p><span style=\"color: #333399;\"><strong>A Melhor Ci\u00eancia:\u00a0<\/strong><\/span><span style=\"color: #333399;\"><strong>Tecnologia Tri-L\u00edpida Propriet\u00e1ria<br \/>\n<\/strong><\/span><span style=\"color: #808080; line-height: 1.5;\">Para garantir que seus pacientes obtenham o mais alto grau de absor\u00e7\u00e3o, Q-Best utiliza a revolucion\u00e1ria tecnologia Tri-L\u00edpida que mant\u00e9m cristais CoQ10 completamente dissolvidos atrav\u00e9s de uma ampla faixa de temperatura.\u00a0<\/span><span style=\"color: #808080; line-height: 1.5;\">O resultado \u00e9 absor\u00e7\u00e3o que \u00e9 8x superior que p\u00f3 seco e pelo menos 2x maior do que as outras prepara\u00e7\u00f5es \u00e0 base de l\u00edpidos.<\/span><\/p>\n<p><strong><span style=\"color: #333399;\">Melhor Absor\u00e7\u00e3o:\u00a0<\/span><\/strong><strong><span style=\"color: #333399;\">Cristal-livre \u00e9 a chave!<br \/>\n<\/span><\/strong><span style=\"color: #808080; line-height: 1.5;\">A capacidade de seus pacientes de absorver CoQ10 \u00e9 fundamental para o protocolo de suplementa\u00e7\u00e3o deles. No mundo cient\u00edfico, \u00e9 bem conhecido que CoQ10 n\u00e3o \u00e9 facilmente absorvido pelo organismo. Formas cristalinas (p\u00f3 seco) de CoQ10 n\u00e3o s\u00e3o bem absorvidas porque cristais de CoQ10 n\u00e3o se dissolvem totalmente no intestino e o corpo n\u00e3o consegue absorver cristais. Mesmo quando CoQ10 em p\u00f3 \u00e9 colocado em sistemas de entrega \u00e0 base de l\u00edpidos convencionais &#8211; tal como um lipossoma, micela, ou nanopart\u00edculas &#8211; os cristais CoQIO apenas parcialmente se dissolvem.<\/span><\/p>\n<p><strong><span style=\"color: #333399;\">Melhor Pureza:<\/span><\/strong><br \/>\n<span style=\"color: #808080;\">Como todos os produtos da Thome mas ao contr\u00e1rio de muitos outros produtos CoQ10, Q-Best N\u00c3O cont\u00e9m solventes, ligantes, cargas, cera de abelha,<\/span><br \/>\n<span style=\"color: #808080;\">di\u00f3xido de tit\u00e2nio ou quaisquer outras subst\u00e2ncias qu\u00edmicas que possam interferir com a capacidade de seus pacientes se curarem.<\/span><\/p>\n<hr \/>\n<h2 class=\"style57\" align=\"center\"><span class=\"style57\">Coenzima CoQ-10 de alta absor\u00e7\u00e3o, um nutriente essencial para sa\u00fade cardiovascular e produ\u00e7\u00e3o de energia para todas as c\u00e9lulas do corpo<\/span><\/h2>\n<h3 class=\"style57\" align=\"center\"><span class=\"style57\">Q-Best 100\u2122 em c\u00e1psulas de peixe de gelatina! <\/span><\/h3>\n<h4 class=\"style57\" align=\"center\"><span class=\"style57\">CoQ10 exclusivo livre de cristais para uma absor\u00e7\u00e3o superior<\/span><\/h4>\n<ul>\n<li>F\u00f3rmula patenteada com uma absor\u00e7\u00e3o comprovadamente melhor do que outras formas de CoQ10, incluindo p\u00f3 seco, \u00f3leo, nanopart\u00edculas, e prepara\u00e7\u00f5es lipossomais<\/li>\n<li>Promove a fun\u00e7\u00e3o cardiovascular normal, melhora a fun\u00e7\u00e3o dos vasos sangu\u00edneos, e \u00e9 um nutriente essencial para a produ\u00e7\u00e3o de energia celular<\/li>\n<li>100% natural &#8211; sem aditivos qu\u00edmicos ou di\u00f3xido de tit\u00e2nio<\/li>\n<li>Quase 3x\u00a0melhor absorvido do que ubiquinol<\/li>\n<\/ul>\n<h2>Informa\u00e7\u00f5es sobre o produto<\/h2>\n<p>Q-Best\u00ae \u00e9 uma prepara\u00e7\u00e3o patenteada livre de cristais da coenzima Q10 (ubiquinona) que consistentemente demonstrou uma absor\u00e7\u00e3o superior sobre outras formas de CoQ10, incluindo p\u00f3 seco, c\u00e1psulas \u00e0 base de \u00f3leo, lipossomas, micelas, e prepara\u00e7\u00f5es de nanopart\u00edculas.<\/p>\n<p>Todos os suplementos de CoQ10 originam em uma forma de cristais (p\u00f3 seco). No entanto, esta forma de cristal por si s\u00f3 n\u00e3o \u00e9 bem absorvida porque os cristais n\u00e3o se dissolvem completamente no intestino e o corpo n\u00e3o pode absorver cristais de l\u00edpidos. Quando os cristais s\u00e3o dissolvidos em um sistema de entrega \u00e0 base de l\u00edpidos (por exemplo, c\u00e1psulas \u00e0 base de \u00f3leo, lipossomas, micelas e nanopart\u00edculas), a absor\u00e7\u00e3o \u00e9 melhorada. No entanto, existe ainda a cristaliza\u00e7\u00e3o parcial encontrada nestas prepara\u00e7\u00f5es.<\/p>\n<p>Q-Best proporciona CoQ10 de uma forma totalmente dissolvida, livre de cristais, de forma \u00e0 base de l\u00edpidos, o que permite uma maior absor\u00e7\u00e3o pela mucosa intestinal. Isto \u00e9 atingido por um sistema de entrega patenteado, tri-l\u00edpido. Um l\u00edpido mant\u00e9m os cristais CoQ10 completamente dissolvidos a 10\u00b0 C acima da temperatura corporal, o segundo l\u00edpido mant\u00e9m os cristais de CoQ10 completamente dissolvidos abaixo da temperatura corporal, e o terceiro l\u00edpido atua como uma mol\u00e9cula transportadora para facilitar a absor\u00e7\u00e3o.<\/p>\n<p>Ensaios cl\u00ednicos demonstraram uma absor\u00e7\u00e3o superior quando comparado com p\u00f3 secos. Al\u00e9m disso, um estudo de biodisponibilidade de CoQ10 no plasma observou que a absor\u00e7\u00e3o de Q-Best \u00e9 muito maior do que outras formas de CoQ10, incluindo suspens\u00e3o de \u00f3leos, nanopart\u00edculas, e as prepara\u00e7\u00f5es de lipossomas. <em>\u00c9 por isso que acreditamos que Q-Best \u00e9 a melhor f\u00f3rmula de CoQ10 agora dispon\u00edvel.<\/em><\/p>\n<p>Coenzima Q10 funciona como um antioxidante intracelular.<\/p>\n<ul>\n<li>Devido ao seu envolvimento na produ\u00e7\u00e3o de energia dentro da c\u00e9lula, CoQ10 <strong>afeta a fun\u00e7\u00e3o de todas as c\u00e9lulas do corpo,<\/strong> tornando-se essencial para a sa\u00fade dos tecidos e \u00f3rg\u00e3os.<\/li>\n<li>CoQ10 beneficia particularmente as c\u00e9lulas mais metabolicamente ativas: <strong>cora\u00e7\u00e3o, sistema imunol\u00f3gico, gengiva e mucosa g\u00e1strica.<\/strong><\/li>\n<li>Um fornecimento adequado de CoQ10 intracelular \u00e9 vital para a <strong>sa\u00fade do m\u00fasculo card\u00edaco.<\/strong><\/li>\n<li>CoQ10 apoia <strong>o ritmo normal do cora\u00e7\u00e3o <\/strong>e pode ajudar a manter a press\u00e3o arterial j\u00e1 normal.<\/li>\n<\/ul>\n<h3>Ingredientes\/1<span style=\"color: #333333;\">\u00a0gelcap cont\u00e9m:<\/span><\/h3>\n<p><span style=\"color: #333333;\"><strong>Calorias:<\/strong>\u00a010<\/span><br \/>\n<span style=\"color: #333333;\"> <strong>Calorias de Gordura:<\/strong> 5<\/span><br \/>\n<span style=\"color: #333333;\"><strong> Gordura Total:<\/strong>\u00a01 g<\/span><br \/>\n<span style=\"color: #333333;\"> <strong>Colesterol:<\/strong> 0 mg<\/span><br \/>\n<span style=\"color: #333333;\"> <strong>Total de Carboidratos:<\/strong> 0 g<\/span><br \/>\n<span style=\"color: #333333;\"> <strong>Prote\u00edna:<\/strong> 0.5 g<\/span><br \/>\n<span style=\"color: #333333;\"> <strong>Coenzima Q10:\u00a0100<\/strong>\u00a0mg<\/span><br \/>\n<span style=\"color: #333333;\"> <strong>Outros Ingredientes: <\/strong><span style=\"color: #808080;\">Gelatina (til\u00e1pia), \u00e1gua purificada, glicerina (de origem vegetal) e gelcap licopeno, \u00e1cido linol\u00e9ico conjugado, \u00f3leo de linha\u00e7a, monoglicer\u00eddeos de soja.<\/span><\/span><\/p>\n<p><span style=\"color: #808080;\"><em>Cont\u00e9m ingredientes derivados de soja (soja monoglicer\u00eddeos) e peixe (til\u00e1pia).<\/em><\/span><\/p>\n<h3><span style=\"color: #800080;\">Declara\u00e7\u00f5es e avisos:<\/span><\/h3>\n<p><strong>ALERGIAS<\/strong><br \/>\n<span style=\"color: #808080;\">Este produto \u00e9 contra-indicado em um indiv\u00edduo com hist\u00f3ria de hipersensibilidade a qualquer um dos seus ingredientes. A gelcap de gelatina de Q-Best \u00e9 derivada de peixe (til\u00e1pia).<\/span><\/p>\n<p><span style=\"color: #808080;\">Q-Melhor cont\u00e9m monoglic\u00e9ridos que s\u00e3o derivados de soja. Estes monoglic\u00e9ridos n\u00e3o cont\u00e9m a prote\u00edna de soja. N\u00e3o existem quaisquer outros ingredientes \u00e0 base de soja em Q-Best.<\/span><\/p>\n<p><strong>PUREZA<\/strong><br \/>\n<span style=\"color: #808080;\">Este produto n\u00e3o cont\u00e9m trigo, gl\u00faten, milho, fermento, ovos, latic\u00ednios, ou corantes, ado\u00e7antes artificiais, ou sabores artificiais. Este produto tamb\u00e9m n\u00e3o cont\u00e9m lactose, \u00e1cido palm\u00edtico, ou magn\u00e9sio, c\u00e1lcio, ou estearatos de vegetal.<\/span><\/p>\n<p><span style=\"color: #333333;\"><strong>AVISO GRAVIDEZ<\/strong><\/span><br \/>\n<span style=\"color: #808080;\"> Se gr\u00e1vida, consulte o seu profissional de sa\u00fade antes de usar este produto.<\/span><\/p>\n<p><strong>INTERA\u00c7\u00d5ES<\/strong><br \/>\n<span style=\"color: #808080;\">N\u00e3o existem intera\u00e7\u00f5es conhecidas adversas ou contra-indica\u00e7\u00f5es na data de sua publica\u00e7\u00e3o.<\/span><\/p>\n<hr \/>\n<p><strong>Aprenda mais&#8230;<\/strong><\/p>\n<p><span class=\"style125\"><a href=\"http:\/\/curasdocancer.com\/artigos\/coenzima-coq10-tratamento-cancer.htm\">CoQ10 e Tratamento do Cancer &#8211; Efeitos ben\u00e9ficos para Cancer de Mama e Melanoma<\/a><\/span><\/p>\n<p><a href=\"http:\/\/curasdocancer.com\/artigos\/protocolo-poly-mva-coq10.htm\" target=\"_blank\" rel=\"noopener noreferrer\">CoQ10 para pacientes seguindo o Protocolo Poly-MVA &#8211; tom\u00e1-los ao mesmo tempo<\/a><\/p>\n<!-- AddThis Advanced Settings generic via filter on the_content --><!-- AddThis Share Buttons generic via filter on the_content -->","protected":false},"excerpt":{"rendered":"<p>&nbsp; 1 unidade (suficiente para 15 dias), assim recomendamos 3 ou mais unidades na 1a encomenda. CoQ-10 \u00e9 literalmente a &#8220;vela&#8221; da c\u00e9lula. Mais de 4 mil estudos cl\u00ednicos t\u00eam comprovado que quanto mais CoQ-10 voc\u00ea tem em seu corpo, mais saud\u00e1vel e longa ser\u00e1 a sua vida. A pesquisa mostra muita vantagem em tomar<a class=\"moretag\" href=\"http:\/\/genewei.com\/br\/produto\/coq-10\/\"> [&#8230;] <\/a><!-- AddThis Advanced Settings generic via filter on wp_trim_excerpt --><!-- AddThis Share Buttons generic via filter on wp_trim_excerpt --><\/p>\n","protected":false},"featured_media":2060,"template":"","meta":{"sfsi_plus_gutenberg_text_before_share":"","sfsi_plus_gutenberg_show_text_before_share":"","sfsi_plus_gutenberg_icon_type":"","sfsi_plus_gutenberg_icon_alignemt":"","sfsi_plus_gutenburg_max_per_row":"","_genesis_hide_title":false,"_genesis_hide_breadcrumbs":false,"_genesis_hide_singular_image":false,"_genesis_hide_footer_widgets":false,"_genesis_custom_body_class":"","_genesis_custom_post_class":"","_genesis_layout":""},"_links":{"self":[{"href":"http:\/\/genewei.com\/br\/wp-json\/wp\/v2\/product\/858"}],"collection":[{"href":"http:\/\/genewei.com\/br\/wp-json\/wp\/v2\/product"}],"about":[{"href":"http:\/\/genewei.com\/br\/wp-json\/wp\/v2\/types\/product"}],"wp:featuredmedia":[{"embeddable":true,"href":"http:\/\/genewei.com\/br\/wp-json\/wp\/v2\/media\/2060"}],"wp:attachment":[{"href":"http:\/\/genewei.com\/br\/wp-json\/wp\/v2\/media?parent=858"}],"curies":[{"name":"wp","href":"https:\/\/api.w.org\/{rel}","templated":true}]}}