{"id":867,"date":"2016-07-05T12:43:55","date_gmt":"2016-07-05T15:43:55","guid":{"rendered":"http:\/\/genewei.com\/br\/?post_type=product&#038;p=867"},"modified":"2018-02-24T14:00:42","modified_gmt":"2018-02-24T17:00:42","slug":"coral-calcio","status":"publish","type":"product","link":"http:\/\/genewei.com\/br\/produto\/coral-calcio\/","title":{"rendered":"Coral C\u00e1lcio 1400 mg de alta qualidade (120 vcaps)"},"content":{"rendered":"\n<!-- Facebook Like Button Vivacity Infotech BEGIN -->\n<div class=\"fb-like\" data-href=\"http:\/\/genewei.com\/br\/produto\/coral-calcio\/\" data-layout=\"standard\" data-action=\"like\" data-show-faces=\"true\" data-size=\"small\" data-width=\"550\" data-share=\"1\" ><\/div>\n<!-- Facebook Like Button Vivacity Infotech END -->\n<p style=\"text-align: left;\"><strong>(Coral Calcium 1400 mg)\u00a0Cada unidade suficiente para 20 dias.<\/strong> Recomendamos logo adquirir\u00a03 ou mais.<\/p>\n<p style=\"text-align: left;\"><strong>Coral \u00e9 um suplemento mineral excelente<\/strong> porque o c\u00e1lcio e outros minerais s\u00e3o facilmente absorvidos e assimilados pelo organismo. Minerais de coral s\u00e3o org\u00e2nicos, uma vez que s\u00e3o pr\u00e9 digeridos por pequenos animais marinhos que ingerem os minerais i\u00f4nicos do\u00a0oceano e os segregam em uma forma\u00e7\u00e3o de corais. Minerais inorg\u00e2nicos s\u00e3o muito dif\u00edceis para o corpo assimilar, como tentando digerir pequenas pedras. Coral proporciona um suplemento mineral de espectro completo contendo 74 minerais. Os minerais encontrados em alta qualidade de\u00a0coral de Okinawa fossilizado usados neste produto s\u00e3o semelhantes em propor\u00e7\u00e3o \u00e0queles encontradas no corpo humano. Este equil\u00edbrio natural \u00e9 importante porque os minerais trabalham em sinergia, cada mineral exigindo outros minerais a\u00a0executarem sua fun\u00e7\u00e3o.<\/p>\n<p style=\"text-align: left;\"><strong>O c\u00e1lcio \u00e9 o mineral mais abundante no corpo.<\/strong> A ingest\u00e3o de c\u00e1lcio \u00e9 essencial para a forma\u00e7\u00e3o e manuten\u00e7\u00e3o de ossos e dentes saud\u00e1veis. Quando a ingest\u00e3o de c\u00e1lcio for insuficiente, o organismo leva o c\u00e1lcio que necessita a partir dos ossos, fazendo com que os ossos se enfraque\u00e7am. Magn\u00e9sio, c\u00e1lcio e f\u00f3sforo funcionam em conjunto na forma\u00e7\u00e3o \u00f3ssea, contra\u00e7\u00e3o muscular e transmiss\u00e3o nervosa. O magn\u00e9sio \u00e9 muito alcalino e ajuda a manter o pH adequado do corpo. A vitamina D \u00e9 adicionada para auxiliar na absor\u00e7\u00e3o de c\u00e1lcio a partir do trato intestinal e a desagrega\u00e7\u00e3o e a assimila\u00e7\u00e3o de f\u00f3sforo.<\/p>\n<hr \/>\n<div id=\"itemservings\"><strong>Dose por Recipiente:<\/strong> 60\u00a0c\u00e1psulas vegetais<\/div>\n<div>\n<p><strong>Dosagem:<\/strong> 2\u00a0c\u00e1psulas 2\u00a0vezes por dia, ou mais, como dirigido por um profissional de sa\u00fade.<\/p>\n<\/div>\n<p><strong>Quantidade por Por\u00e7\u00e3o<br \/>\nA vitamina D<\/strong> &#8230; 100IU<br \/>\n<em>(como colecalciferol)<\/em><br \/>\n<strong>C\u00e1lcio<\/strong> &#8230; 320mg<br \/>\n<strong>de Coral<\/strong> <strong>C\u00e1lcio<\/strong> &#8230; 1400mg<br \/>\n<strong>Magn\u00e9sio<\/strong> &#8230; 168 mg<br \/>\n<em>(a partir de coral)<\/em><\/p>\n<p><strong>Outros Ingredientes:<\/strong> hidroxipropilmetilcelulose, farinha de arroz, metocel, lubrificantes vegetal.<\/p>\n<p>Garrafa selada. N\u00e3o use se o selo estiver quebrado ou faltando. Mantenha fora do alcance de crian\u00e7as. O uso de c\u00e1lcio no produto C\u00e1lcio\u00a0Coral \u00e9 ecologicamente seguro. Os recifes vivos s\u00e3o protegidos porque s\u00f3 usamos corais fossilizados de dep\u00f3sitos do n\u00edvel do mar acima em Okinawa. C\u00e1lcio Coral tem a melhor propor\u00e7\u00e3o de 2:1 Magn\u00e9sio\/C\u00e1lcio.<\/p>\n<hr \/>\n<h2 style=\"text-align: center;\"><span class=\"style57\">Suplemento Coral C\u00e1lcio de Alta Qualidade para Seu Protocolo Anti-Cancer<\/span><\/h2>\n<p class=\"style27\">Os cientistas descobriram que as <strong>pessoas saud\u00e1veis t\u00eam sistemas que s\u00e3o alcalinos,<\/strong> e que aqueles com um pH muito \u00e1cido do corpo s\u00e3o mais propensos a doen\u00e7as como cancer, diabetes, artrite, doen\u00e7a card\u00edaca, bem como pedras nos rins e ves\u00edcula biliar. O c\u00e1lcio tem a capacidade de construir a alcalinidade dos sistemas de seu corpo, portanto creando\/mantendo uma reserva natural para a doen\u00e7a. O c\u00e1lcio est\u00e1 envolvido em literalmente centenas de fun\u00e7\u00f5es cr\u00edticas do corpo diariamente e portanto \u00e9 fundamental para uma boa sa\u00fade.<\/p>\n<!-- AddThis Advanced Settings generic via filter on the_content --><!-- AddThis Share Buttons generic via filter on the_content -->","protected":false},"excerpt":{"rendered":"<p>Os cientistas descobriram que as pessoas saud\u00e1veis t\u00eam sistemas que s\u00e3o alcalinos, e que aqueles com um pH muito \u00e1cido do corpo s\u00e3o mais propensos a doen\u00e7as como cancer, diabetes, artrite, doen\u00e7a card\u00edaca, bem como pedras nos rins e ves\u00edcula biliar.<\/p>\n<p><em><strong>Pacientes com cancer: <\/strong>Tomar 2 c\u00e1psulas durante cada refei\u00e7\u00e3o (Caf\u00e9 da Manh\u00e3, Almo\u00e7o e Jantar) com 1\u00a0copo de \u00e1gua.<\/em><\/p>\n<p><em><strong>Em seguida:<\/strong> 2-3 c\u00e1psulas di\u00e1rias para manuten\u00e7\u00e3o.<\/em><\/p>\n<p><strong><a href=\"http:\/\/genewei.com\/br\/produto\/protocolo-poly-mva-cancer-avancado\/\">Parte do Protocolo Poly-MVA<\/a><\/strong><!-- AddThis Advanced Settings generic via filter on wp_trim_excerpt --><!-- AddThis Share Buttons generic via filter on wp_trim_excerpt --><\/p>\n","protected":false},"featured_media":996,"template":"","meta":{"sfsi_plus_gutenberg_text_before_share":"","sfsi_plus_gutenberg_show_text_before_share":"","sfsi_plus_gutenberg_icon_type":"","sfsi_plus_gutenberg_icon_alignemt":"","sfsi_plus_gutenburg_max_per_row":"","_genesis_hide_title":false,"_genesis_hide_breadcrumbs":false,"_genesis_hide_singular_image":false,"_genesis_hide_footer_widgets":false,"_genesis_custom_body_class":"","_genesis_custom_post_class":"","_genesis_layout":""},"_links":{"self":[{"href":"http:\/\/genewei.com\/br\/wp-json\/wp\/v2\/product\/867"}],"collection":[{"href":"http:\/\/genewei.com\/br\/wp-json\/wp\/v2\/product"}],"about":[{"href":"http:\/\/genewei.com\/br\/wp-json\/wp\/v2\/types\/product"}],"wp:featuredmedia":[{"embeddable":true,"href":"http:\/\/genewei.com\/br\/wp-json\/wp\/v2\/media\/996"}],"wp:attachment":[{"href":"http:\/\/genewei.com\/br\/wp-json\/wp\/v2\/media?parent=867"}],"curies":[{"name":"wp","href":"https:\/\/api.w.org\/{rel}","templated":true}]}}