{"id":875,"date":"2016-07-05T12:59:51","date_gmt":"2016-07-05T15:59:51","guid":{"rendered":"http:\/\/genewei.com\/br\/?post_type=product&#038;p=875"},"modified":"2018-08-04T14:52:54","modified_gmt":"2018-08-04T17:52:54","slug":"yes-ervas","status":"publish","type":"product","link":"http:\/\/genewei.com\/br\/produto\/yes-ervas\/","title":{"rendered":"Yes Ervas (30 caps)"},"content":{"rendered":"\n<!-- Facebook Like Button Vivacity Infotech BEGIN -->\n<div class=\"fb-like\" data-href=\"http:\/\/genewei.com\/br\/produto\/yes-ervas\/\" data-layout=\"standard\" data-action=\"like\" data-show-faces=\"true\" data-size=\"small\" data-width=\"550\" data-share=\"1\" ><\/div>\n<!-- Facebook Like Button Vivacity Infotech END -->\n<p>Agora oferecemos o Yes Ervas. <em>Esta \u00e9 a mesma f\u00f3rmula que o Ch\u00e1 Essiac original, usado com <strong>grande sucesso<\/strong> pela Ren\u00e9 M. Caisse, mas agora melhor do que nunca em 2 maneiras:<\/em><\/p>\n<ol>\n<li>Uma delas \u00e9 que todos os ingredientes s\u00e3o\u00a0<strong>certificados <\/strong><strong>org\u00e2nicos <\/strong>para minimizar pesticidas e agrot\u00f3xicos.<\/li>\n<li>A segunda melhoria \u00e9 a <strong>adi\u00e7\u00e3o da erva Casca da Garra do Gato,<\/strong> uma planta ind\u00edgena da floresta Amaz\u00f4nica. Esta erva tem mostrado a <strong>reduzir a inflama\u00e7\u00e3o, refor\u00e7ar o sistema imunologico, aumentar a repara\u00e7\u00e3o do DNA, e suprimir c\u00e9lulas cancerosas.<\/strong> Esses efeitos s\u00e3o importantes para as pessoas passando por <strong>tratamentos de c\u00e2ncer convencionais e integrativos.<\/strong><\/li>\n<\/ol>\n<p>Encomende os Yes Ervas hoje mesmo&#8230;\u00a0<strong>A<\/strong><strong>ltamente recomendado em conjunto com o Protocolo Budwig.<\/strong> <span class=\"style82 style129\">As 4 ervas principais tem demonstrado a capacidade de estimular o corpo inteiro. A infus\u00e3o pode deixar uma pessoa sentindo-se revigorada e fortalecida. <\/span>Leia sobre a descoberta do Ch\u00e1 Essiac e a Cl\u00ednica de Cancer Bracebridge onde a Ren\u00e9 curou centenas de pacientes de cancer com a sua combina\u00e7\u00e3o de ervas.<\/p>\n<hr \/>\n<p><em><strong>Yes Ervas:<\/strong> Formalmente conhecido como Ch\u00e1 Essiac.<\/em><\/p>\n<p><em><strong><img loading=\"lazy\" src=\"http:\/\/curasdocancer.com\/images\/icon-reddot-s.jpg\" alt=\"\" width=\"12\" height=\"10\" \/>Essiac n\u00e3o \u00e9 recomendado para pacientes com tumores no c\u00e9rebro:\u00a0<\/strong><\/em>A Ren\u00e9 Caisse notou em seu trabalho que muitas vezes o ch\u00e1 parecia inicialmente fazer o tumor crescer, em seguida, dissolver. Isso pode ser extremamente prejudicial ao tecido cerebral. Crescimento r\u00e1pido ou excessivo pode colocar press\u00e3o sobre as \u00e1reas do c\u00e9rebro que afetam o corpo\/fun\u00e7\u00e3o mental. Se o tumor se quebrar, ele pode liberar peda\u00e7os do tecido maligno que poderia causar um acidente vascular cerebral. Circula\u00e7\u00e3o no c\u00e9rebro \u00e9 diferente do resto do corpo. <em>Tamb\u00e9m n\u00e3o recomendado para pacientes que est\u00e3o fisicamente desestruturados (qualquer cancer que interfira com a estrutura do corpo). E para o uso por mulheres gr\u00e1vidas, m\u00e3es, ou crian\u00e7as.<\/em><\/p>\n<hr \/>\n<h3><strong>Artigos:<\/strong><\/h3>\n<p><em><a href=\"http:\/\/curasdocancer.com\/artigos\/cha-essiac-contraindicacoes-quem-nao-deve-tomar.htm\">Este produto n\u00e3o \u00e9 recomendado para o uso por mulheres gr\u00e1vidas, m\u00e3es, ou crian\u00e7as. Por favor, conforme com a presente legalidade<\/a>.<\/em><\/p>\n<p><em><a class=\"style27\" href=\"http:\/\/curasdocancer.com\/artigos\/cha-essiac-cura-leucemia-de-celulas-pilosas.htm\">Leucemia de C\u00e9lulas Pilosa, Cura da ex-exposa do John e de seu gato<\/a><\/em><\/p>\n<hr \/>\n<h2 class=\"style40\" align=\"center\"><em>Yes Ervas<\/em> \u00e9 o otimizador e desintoxicante ideal para ajudar a minimizar os efeitos negativos de aditivos alimentares prejudiciais<\/h2>\n<h3 class=\"style40\" align=\"center\"><em>Yes Ervas<\/em> baseia-se em uma mistura testada pelo tempo utilizada h\u00e1 mais de 100 anos. Todas as ervas utilizadas em nossa f\u00f3rmula s\u00e3o org\u00e2nicas de ervas selvagens.<\/h3>\n<p class=\"style40\"><strong>O Problema<\/strong><\/p>\n<p>O nosso corpo paga um pre\u00e7o grande pelas nossas conveni\u00eancias modernas&#8230;\u00a0especialmente com a comida de hoje! Contamina\u00e7\u00e3o por toxinas (conservantes, pesticidas e horm\u00f4nios) que nossos corpos n\u00e3o est\u00e3o equipados a lidar com est\u00e1 nos matando. Toxinas de pesticidas em nosso solo, a polui\u00e7\u00e3o no ar, e os \u00f3leos adulterados e aditivos no processamento de alimentos, s\u00e3o quase imposs\u00edveis de evitar, mesmo se voc\u00ea use alimentos org\u00e2nicos. Estas toxinas s\u00e3o prejudiciais e podem causar baixa energia ou levar a outros problemas de sa\u00fade.<\/p>\n<p><strong>A Solu\u00e7\u00e3o<\/strong><\/p>\n<p>Temos sorte que a Natureza n\u00e3o nos deixou sem uma forma de combater essas toxinas modernas. A f\u00f3rmula <strong>Yes Ervas <\/strong>\u00e9 derivada do conceito do famoso t\u00f4nico<strong> Essiac\u2122<\/strong>, uma mistura testada pelo tempo usada por cerca de 100 anos pelos \u00edndios Iroquoi &amp; Ojibwa <em>e pela famosa Clinica de Cancer de Bracebridge da Rene M. Caisse.<\/em> Esta f\u00f3rmula \u00e9 incompar\u00e1vel pela sua gentileza e efic\u00e1cia. Voc\u00ea pode us\u00e1-la todos os dias para ajudar a combater os efeitos negativos de aditivos alimentares. Ela trabalha ao n\u00edvel celular para ajudar a optimizar os seus sistemas biol\u00f3gicos em minimizar os efeitos prejudiciais das toxinas.<\/p>\n<p><strong>Os Benef\u00edcios do Yes Ervas<br \/>\n(O Seu Melhor Otimizador)<\/strong><\/p>\n<p>Nossa mistura \u00e9 \u00fanica e considerada por muitos como a melhor no mercado hoje em dia. Colocamos essa combina\u00e7\u00e3o de ervas em uma c\u00e1psula conveniente.<strong> A f\u00f3rmula inclui: Raiz de Bardana, Alaz\u00e3o Ovelhas, Casca da <\/strong><strong>Garra do Gato, <\/strong><strong>Casca de Olmo<\/strong>, <strong>Raiz de Ruibarbo Turco (s\u00f3 um pouco). <\/strong>O desenvolvedor desta f\u00f3rmula a tem tomado praticamente todos os dias por mais de 9 anos. Todos n\u00f3s amamos este suplemento!<\/p>\n<hr \/>\n<h2>As Ervas<\/h2>\n<p><strong>Raiz de Bardana: <\/strong>Esta erva \u00e9 rica em vitaminas do complexo B e E. Ela tamb\u00e9m inclui os minerais: pot\u00e1ssio, f\u00f3sforo, cromo, cobalto, ferro, magn\u00e9sio, sil\u00edcio, zinco e s\u00f3dio. Raiz de bardana aumenta a circula\u00e7\u00e3o da pele e ajuda a limpar os tecidos da epiderme. Tamb\u00e9m tem sido relatada a destruir as bact\u00e9rias e as culturas de fungos. Raiz de bardana \u00e9 conhecida como um &#8220;purificador do sangue.&#8221; Ela ajuda a eliminar as toxinas do sangue e sistema linf\u00e1tico. O f\u00edgado, ves\u00edcula biliar, rins e sistema digestivo se beneficiam de suas propriedades. Ela tamb\u00e9m ajuda com a elimina\u00e7\u00e3o do excesso de l\u00edquidos e regula\u00e7\u00e3o do a\u00e7\u00facar.<\/p>\n<p><strong>Alaz\u00e3o Ovelhas: <\/strong>Esta erva \u00e9 rica em vitamina A, complexo B, C, D, K e E. Os seus min\u00e9rios incluem n\u00edveis significativos de c\u00e1lcio, ferro, magn\u00e9sio, sil\u00edcio, enxofre, zinco, mangan\u00eas, iodo e cobre. Esta erva foi avaliada para auxiliar numa ampla variedade de doen\u00e7as de pele, bem como auxiliar nos dist\u00farbios digestivos. A vitamina A fortalece o sistema imunol\u00f3gico, auxiliando na produ\u00e7\u00e3o de c\u00e9lulas sangu\u00edneas brancas. Os gl\u00f3bulos brancos atacam muitos intrusos prejudiciais do organismo. Alaz\u00e3o Ovelhas tamb\u00e9m \u00e9 rica em clorofila. Clorofila aumenta o teor de oxig\u00eanio no sangue. Oxig\u00eanio arterial elevado pode aumentar a a\u00e7\u00e3o do organismo contra muitas doen\u00e7as invasivas. Esta erva tamb\u00e9m \u00e9 rica em oxalato de pot\u00e1ssio, que auxilia na digest\u00e3o e tem sido mostrada a fortalecer o sistema imunol\u00f3gico.<\/p>\n<p><strong>Casca da <\/strong><strong>Garra do Gato:<\/strong> Esta erva \u00e9 eficaz para tratar uma variedade de desordens digestivas e respirat\u00f3rias superiores. \u00c9 \u00f3timo para a circula\u00e7\u00e3o e tamb\u00e9m foi mostrado para ajudar no tratamento de reumatismo, gastrite, \u00falceras, e algumas alergias.<\/p>\n<p><strong>Casca de Olmo:<\/strong> Esta erva \u00e9 um antibi\u00f3tico natural e tem propriedades de limpeza excepcionais. Ela ajuda a cobrir e lubrificar a parede da art\u00e9ria, o que ajuda o fluxo sangu\u00edneo. Tamb\u00e9m tem sido demonstrada a proteger os revestimentos de membrana nas articula\u00e7\u00f5es e pode proporcionar al\u00edvio de \u00e1reas inflamadas.<\/p>\n<p><strong>Raiz de Ruibarbo Turco: <\/strong>Esta erva tem sido usada na China h\u00e1 mais de 2.000 anos. Possui propriedades desintoxicantes muito impressionantes, especialmente no f\u00edgado. Esta erva tamb\u00e9m tem propriedades antibi\u00f3ticas e anti-microbianas.<\/p>\n<hr \/>\n<h3>Por que YES Ervas tem um pre\u00e7o mais elevado do que outros produtos no supermercado e lojas de sa\u00fade? O que o torna t\u00e3o especial?<\/h3>\n<p>Em nossa opini\u00e3o, essa combina\u00e7\u00e3o espec\u00edfica de ervas s\u00e3o melhores do que &#8220;ouro l\u00edquido&#8221;. Elas est\u00e3o em uma &#8220;liga pr\u00f3pria.&#8221; Ao contr\u00e1rio dos suplementos de ervas mais comerciais, Yes Ervas \u00e9 produzido em pequenas quantidades limitadas. As ervas n\u00e3o t\u00eam pesticidas e s\u00e3o certificadas org\u00e2nicas ou selvagens. N\u00f3s temos essas incr\u00edveis ervas produzidas em partes intactas do mundo ideal para cada erva. H\u00e1 uma disponibilidade mundial curta desse n\u00edvel de excel\u00eancia de ervas. Surpreendentemente, quando se trata de ervas, o local exato em que s\u00e3o cultivadas faz toda a diferen\u00e7a. A nossa equipe passou quase uma d\u00e9cada procurando o melhor, e n\u00f3s encontramos para voc\u00ea. Ap\u00f3s a colheita, as ervas s\u00e3o secas, e misturadas na nossa f\u00f3rmula espec\u00edfica. O processo se conclui com encapsulamento de base vegetal.<\/p>\n<p><strong>Basta tomar (1) uma c\u00e1psula por dia antes de dormir. <\/strong>Nossa f\u00f3rmula Herbal especializada \u00e9 extremamente eficaz, de modo que um pouco apenas ir\u00e1 longe! N\u00e3o se contente com menos do que o melhor! Bem-vindo a nossa &#8220;fam\u00edlia&#8221;. Voc\u00ea ir\u00e1 notar a diferen\u00e7a e n\u00f3s adorariamos ouvir de voc\u00ea e o seu depoimento de sucesso ap\u00f3s testar os nossos suplementos.<\/p>\n<!-- AddThis Advanced Settings generic via filter on the_content --><!-- AddThis Share Buttons generic via filter on the_content -->","protected":false},"excerpt":{"rendered":"<p><em><strong>Tomar 1 c\u00e1psula for dia na hora de dormir.<\/strong><\/em><!-- AddThis Advanced Settings generic via filter on wp_trim_excerpt --><!-- AddThis Share Buttons generic via filter on wp_trim_excerpt --><\/p>\n","protected":false},"featured_media":876,"template":"","meta":{"sfsi_plus_gutenberg_text_before_share":"","sfsi_plus_gutenberg_show_text_before_share":"","sfsi_plus_gutenberg_icon_type":"","sfsi_plus_gutenberg_icon_alignemt":"","sfsi_plus_gutenburg_max_per_row":"","_genesis_hide_title":false,"_genesis_hide_breadcrumbs":false,"_genesis_hide_singular_image":false,"_genesis_hide_footer_widgets":false,"_genesis_custom_body_class":"","_genesis_custom_post_class":"","_genesis_layout":""},"_links":{"self":[{"href":"http:\/\/genewei.com\/br\/wp-json\/wp\/v2\/product\/875"}],"collection":[{"href":"http:\/\/genewei.com\/br\/wp-json\/wp\/v2\/product"}],"about":[{"href":"http:\/\/genewei.com\/br\/wp-json\/wp\/v2\/types\/product"}],"wp:featuredmedia":[{"embeddable":true,"href":"http:\/\/genewei.com\/br\/wp-json\/wp\/v2\/media\/876"}],"wp:attachment":[{"href":"http:\/\/genewei.com\/br\/wp-json\/wp\/v2\/media?parent=875"}],"curies":[{"name":"wp","href":"https:\/\/api.w.org\/{rel}","templated":true}]}}