{"id":879,"date":"2016-07-05T13:07:56","date_gmt":"2016-07-05T16:07:56","guid":{"rendered":"http:\/\/genewei.com\/br\/?post_type=product&#038;p=879"},"modified":"2018-08-03T18:37:08","modified_gmt":"2018-08-03T21:37:08","slug":"yes-super-age","status":"publish","type":"product","link":"http:\/\/genewei.com\/br\/produto\/yes-super-age\/","title":{"rendered":"Yes Super AGE \u00c1cidos Graxos Essenciais (120 caps)"},"content":{"rendered":"\n<!-- Facebook Like Button Vivacity Infotech BEGIN -->\n<div class=\"fb-like\" data-href=\"http:\/\/genewei.com\/br\/produto\/yes-super-age\/\" data-layout=\"standard\" data-action=\"like\" data-show-faces=\"true\" data-size=\"small\" data-width=\"550\" data-share=\"1\" ><\/div>\n<!-- Facebook Like Button Vivacity Infotech END -->\n<p><strong>Yes Ultimate EFAs (120 caps) |\u00a0Yes Super AGE\u00a0(120 caps) <\/strong><\/p>\n<p><strong>1 unidade <\/strong>(suficiente para 15-30 dias,\u00a0assim recomendamos iniciar com\u00a03 ou mais unidades.)<\/p>\n<p><strong>Nota:<\/strong> Esta dose recomendada \u00e9 boa, mas \u00e9 muito inferior \u00e0 dose recomendada para a Dieta Budwig.<\/p>\n<p><strong>Yes Super AGE (\u00c1cidos Graxos Essenciais)\u00a0<\/strong>s\u00e3o \u00f3leos de sementes que cont\u00eam \u00f3leos \u00f4mega-6 e \u00f4mega-3. Estes \u00f3leos s\u00e3o produzidos organicamente e prensados a frio. A Dra. Budwig amplamente promoveu o uso de \u00f3leo de linha\u00e7a para pacientes com cancer e teve bons resultados, mas novas pesquisas t\u00eam esclarecido a hist\u00f3ria. Devido a propor\u00e7\u00e3o natural de \u00f4mega 6 e 3 em nossos tecidos, <strong>uma mistura equilibrada destes \u00f3leos \u00e9 necess\u00e1ria para melhores resultados.<\/strong><\/p>\n<hr \/>\n<h2 class=\"style57\" align=\"center\"><span class=\"style84\"><strong>Yes<\/strong><\/span><strong> Super AGE (\u00c1cidos Graxos Essenciais)<\/strong><\/h2>\n<p class=\"style31\" align=\"center\">\u00d3leos \u00d4mega-3 e \u00d4mega-6 de alta qualidade em quantidades corretas guarantindo que o oxig\u00eanio entre facilmente na c\u00e9lula e seja usado para a cria\u00e7\u00e3o de energia<\/p>\n<p class=\"style31\" align=\"center\"><a href=\"http:\/\/www.curasdocancer.com\/suplementos-curativos-importados.htm#yesage\"><img loading=\"lazy\" src=\"http:\/\/curasdocancer.com\/images\/acidos-graxos-essenciais.jpg\" alt=\"\" width=\"200\" height=\"200\" border=\"0\" \/><\/a><\/p>\n<p><strong>Yes Super AGE (\u00e1cidos graxos essenciais)<\/strong> s\u00e3o \u00f3leos de sementes que cont\u00eam \u00f3leos \u00d4mega-6 e \u00d4mega-3. Estes \u00f3leos s\u00e3o produzidos organicamente e prensados a frio. A Dra. Budwig amplamente promoveu o uso de \u00f3leo de linha\u00e7a para pacientes com cancer e teve bons resultados, mas novas pesquisas t\u00eam esclarecido a hist\u00f3ria. Devido a propor\u00e7\u00e3o natural de \u00d4mega 6 e 3 em nossos tecidos, <strong>uma mistura equilibrada destes \u00f3leos \u00e9 necess\u00e1ria para melhores resultados.<\/strong> O problema \u00e9 que a maioria das pessoas obt\u00e9em o seu Omega 6 a partir de \u00f3leos que s\u00e3o danificados, aquecidos, e processados.<\/p>\n<p>\u00c9 por isso que os \u00f3leos Omega 6 t\u00eam uma m\u00e1 reputa\u00e7\u00e3o. Pelo contr\u00e1rio, \u00f3leos Omega 6 de alta qualidade, fabricados corretamente s\u00e3o muito importantes para sua sa\u00fade. <strong>Tendo quantidades corretas desses \u00f3leos guarante que o oxig\u00eanio pode entrar facilmente na c\u00e9lula e ser usado para a cria\u00e7\u00e3o de energia<\/strong>. Isto \u00e9 crucial para as pessoas com cancer. N\u00f3s desenvolvemos os nossos AGEs (\u00e1cidos graxos essenciais) para conseguir resultados espec\u00edficos, calculados e eles realmente funcionam.<\/p>\n<p>Para as pessoas que n\u00e3o t\u00eam acesso a \u00f3leos de sementes de qualidade corretamente produzidos em sua cidade ou pa\u00eds, este suplemento \u00e9 a solu\u00e7\u00e3o. Eles foram inclu\u00eddos em uma c\u00e1psula de anti-oxig\u00eanio para que eles permanecem frescos, mesmo sem refrigera\u00e7\u00e3o!<\/p>\n<p>Esta formula\u00e7\u00e3o excepcional \u00e9 \u00fanica e altamente especializada. Yes Super Minerais Quelados s\u00e3o \u00e1cidos graxos essenciais omega-3 &#8220;pai&#8221; com um toque de GAL ( gama-\u00e1cido linol\u00eanico) natural. A nossa f\u00f3rmula cont\u00e9m mais \u00f4mega-6 que \u00f4mega-3 e N\u00c3O \u00f3leos de peixe. Os \u00f3leos contidos s\u00e3o todos org\u00e2nicos.<\/p>\n<hr \/>\n<h2>Instru\u00e7\u00f5es de uso:<\/h2>\n<p><strong>2 c\u00e1psulas de manh\u00e3 e 2 c\u00e1psulas ao almo\u00e7o ou jantar.<\/strong> Quando energia extra \u00e9 necess\u00e1ria, mais pode ser tomado (2-4 c\u00e1psulas 20 minutos antes de exercitar, etc). Pode ser tomado com ou sem alimentos. <strong>Se seu peso for superior a 70 quilos, voc\u00ea deve adicionar mais 1 c\u00e1psula para cada 20 kg de peso.<\/strong>\u00a0Melhor se tomado com alimentos de baixa fibra.<\/p>\n<p>&nbsp;<\/p>\n<hr \/>\n<h2>D\u00favidas:<\/h2>\n<p><strong>P: Duas quest\u00f5es: O uso da linha\u00e7a no protocolo da dra. Budwig s\u00f3 pode ser em forma de \u00f3leo?<\/strong> <strong>C\u00e1psulas n\u00e3o tem o mesmo resultado? (foi essa a pergunta que me fizeram e eu n\u00e3o soube responder)<\/strong><\/p>\n<p>R: A linha\u00e7a pode ser via suplementos tamb\u00e9m sim. As c\u00e1psulas tem o mesmo resultado que o \u00f3leo. Usamos o Yes AGE em nossa cl\u00ednica, mas qualquer suplementos natural de qualidade eh ok!<\/p>\n<p>O grande problema \u00e9 que a maioria dos suplementos de linha\u00e7a, especialmente no Brasil, s\u00e3o de baixa qualidade. Na verdade, se poss\u00edvel e f\u00e1cil, preparar o Muesli diariamente \u00e9 ideal, mas como muitos pacientes nao tem o tempo de preparar o Muesli, ent\u00e3o as capsulas acabam sendo essenciais!<\/p>\n<p><strong>Dica:<\/strong> Idealmente comer o Muesli \u00e9 melhor e mais f\u00e1cil para absor\u00e7\u00e3o dos omegas. O problema novamente \u00e9 saber se o \u00f3leo \u00e9 de qualidade. Ent\u00e3o voce tamb\u00e9m pode misturar o \u00f3leo das c\u00e1psulas na receita do Muesli para melhor absor\u00e7\u00e3o.<\/p>\n<p><strong>Aqui est\u00e3o alguns artigos:<\/strong><br \/>\n<a href=\"http:\/\/www.nutritionj.com\/content\/pdf\/1475-2891-6-4.pdf\" target=\"_blank\" rel=\"noopener noreferrer\">http:\/\/www.nutritionj.com\/content\/pdf\/1475-2891-6-4.pdf<\/a><br \/>\n<a href=\"http:\/\/www.ncbi.nlm.nih.gov\/pubmed\/21080982\" target=\"_blank\" rel=\"noopener noreferrer\">http:\/\/www.ncbi.nlm.nih.gov\/pubmed\/21080982<\/a><\/p>\n<hr \/>\n<p><strong><em><img loading=\"lazy\" class=\"size-full wp-image-2700 alignnone\" src=\"http:\/\/genewei.com\/br\/wp-content\/uploads\/2016\/08\/stars-70-5.jpg\" alt=\"\" width=\"70\" height=\"13\" \/>\u00a0<\/em>Quero YES! \ud83d\ude00<\/strong><br \/>\n<em>Eu tenho usado os \u00f3leos essenciais por v\u00e1rios meses e notei que a s\u00edndrome do olho seco em que eu tenho sofrido come\u00e7ou a diminuir, ent\u00e3o eu planejo continuar usando &amp; definitivamente reordenar este produto! ESS, 12 de julho de 2014<\/em><\/p>\n<p><strong><em><img loading=\"lazy\" class=\"size-full wp-image-2700 alignnone\" src=\"http:\/\/genewei.com\/br\/wp-content\/uploads\/2016\/08\/stars-70-5.jpg\" alt=\"\" width=\"70\" height=\"13\" \/>\u00a0<\/em>estas p\u00edlulas s\u00e3o incr\u00edveis<\/strong><br \/>\n<em>Essas p\u00edlulas s\u00e3o surpreendentes se tomadas 3x por dia, levaram meu tio de 15% em seu cora\u00e7\u00e3o a bombear todo o caminho at\u00e9 24% sem fazer nada al\u00e9m de tomar essas p\u00edlulas. Beetaazz, 23 de novembro de 2014<\/em><\/p>\n<p><strong><em><img loading=\"lazy\" class=\"size-full wp-image-2700 alignnone\" src=\"http:\/\/genewei.com\/br\/wp-content\/uploads\/2016\/08\/stars-70-5.jpg\" alt=\"\" width=\"70\" height=\"13\" \/>\u00a0<\/em>Meu PCM me deu um roteiro para \u00f3leo de peixe terr\u00edvel na barriga, mudei para Yes<\/strong><br \/>\n<em>Meu PCM me deu um roteiro para \u00f3leo de peixe terr\u00edvel na barriga, uma boa amiga me contou sobre YES e \u00e9 maravilhoso. Sem problemas. Jana Mathiesen, 13 de outubro de 2015<\/em><\/p>\n<p><strong><em><img loading=\"lazy\" class=\"size-full wp-image-2700 alignnone\" src=\"http:\/\/genewei.com\/br\/wp-content\/uploads\/2016\/08\/stars-70-5.jpg\" alt=\"\" width=\"70\" height=\"13\" \/>\u00a0<\/em>Algo est\u00e1 mudando&#8230;<\/strong><br \/>\n<em>Eu tenho tomado YES por 2 meses agora e percebo mudan\u00e7as que eu realmente n\u00e3o posso explicar. Para ser justo, n\u00e3o tenho certeza se \u00e9 por essas p\u00edlulas ou pelo fato de eu parar de comer carne ao mesmo tempo, mas o incha\u00e7o nos tornozelos (de dois tornozelos quebrados h\u00e1 4 anos) desapareceu completamente. Meus tornozelos ficam melhores do que quando eu era adolescente mesmo depois e durante o uso de saltos altos durante todo o dia. ChiB, 18 de outubro de 2015<\/em><\/p>\n<p><strong><em><img loading=\"lazy\" class=\"size-full wp-image-2700 alignnone\" src=\"http:\/\/genewei.com\/br\/wp-content\/uploads\/2016\/08\/stars-70-5.jpg\" alt=\"\" width=\"70\" height=\"13\" \/>\u00a0<\/em>Produto excelente, vegetariano<\/strong><br \/>\n<em>Eu usei esse produto h\u00e1 alguns anos. Depois de algumas pesquisas sobre como \u00e9 produzido, descobri que possui padr\u00f5es muito altos que capturam os \u00f3leos sem destruir a integridade molecular que o torna efetivo. Eu aprecio o abastecimento de \u00f3leos para ser n\u00e3o-peixe, j\u00e1 que eu prefiro op\u00e7\u00f5es vegetarianas. Na pesquisa atual, o \u00f3leo de peixe tem muitos efeitos positivos, mas \u00e9 avaliado por problemas de contamina\u00e7\u00e3o e outras coisas. Este produto n\u00e3o \u00e9.<\/em><br \/>\n<em>Tamb\u00e9m a combina\u00e7\u00e3o de m\u00faltiplos precursores de Omega 3 e 6 \u00e9 potente. Para mim, eliminou v\u00e1rios problemas de pele que eram distintos e irritantes. Levou cerca de tr\u00eas meses, em seguida, certas \u00e1reas secas, erup\u00e7\u00f5es cut\u00e2neas e algum eczema desapareceram. Meu m\u00e9dico observou isso e pediu o produto por si mesmo &#8211; mesmo que ele n\u00e3o sugira suplementos nutricionais aos seus clientes.\u00a0<\/em><em>N\u00e3o, n\u00e3o trabalho para a empresa, venda produtos ou pense que \u00e9 um milagre. \u00c9 apenas um produto bem produzido com alguns benef\u00edcios reais. Eu queria compartilhar minha experi\u00eancia com outras pessoas que tamb\u00e9m poderiam se beneficiar. N\u00e3o consegui encontrar nenhum outro produto compar\u00e1vel. A qualidade das c\u00e1psulas e das embalagens tamb\u00e9m foi boa consistentemente. Desejo que o produto fosse menos caro &#8211; \u00e9 claro. Mas os resultados para mim fazem valer o pre\u00e7o.\u00a0<\/em><em>Genie, 12 de setembro de 2010<\/em><\/p>\n<p><strong><em><img loading=\"lazy\" class=\"size-full wp-image-2700 alignnone\" src=\"http:\/\/genewei.com\/br\/wp-content\/uploads\/2016\/08\/stars-70-5.jpg\" alt=\"\" width=\"70\" height=\"13\" \/>\u00a0<\/em>Este produto \u00e9 muito superior ao \u00f3leo comum de peixe usado<\/strong><br \/>\n<em>Desde a obten\u00e7\u00e3o de \u00f3leos essenciais adicionais a minha dieta, meu n\u00edvel de energia permanece constante ao longo do dia.\u00a0<\/em><em>Este produto \u00e9 muito superior ao \u00f3leo de peixe comumente usado.\u00a0Rolan,\u00a0 5 de maio de 2016<\/em><\/p>\n<p><strong><em><img loading=\"lazy\" class=\"size-full wp-image-2700 alignnone\" src=\"http:\/\/genewei.com\/br\/wp-content\/uploads\/2016\/08\/stars-70-5.jpg\" alt=\"\" width=\"70\" height=\"13\" \/><\/em><em>\u00a0<\/em>Estes s\u00e3o essenciais!<\/strong><br \/>\n<em>Esses \u00f3leos essenciais ajudam de muitas maneiras. Eles cont\u00eam \u00f3leos anti-inflamat\u00f3rios Omega 6. A maioria dos \u00f3leos Omega-6 que recebemos s\u00e3o adulterados, e nossos corpos precisam desses \u00f3leos para ter art\u00e9rias saud\u00e1veis. A mistura de \u00f3leos baseia-se na pesquisa de Brian Peskin e \u00e9 muito melhor do que confiar em um \u00fanico \u00f3leo. Jo Ann, 22 de junho de 2015<\/em><\/p>\n<p><strong><em><img loading=\"lazy\" class=\"size-full wp-image-2700 alignnone\" src=\"http:\/\/genewei.com\/br\/wp-content\/uploads\/2016\/08\/stars-70-5.jpg\" alt=\"\" width=\"70\" height=\"13\" \/> <\/em>\u00d3timo Suplemento<\/strong><br \/>\n<em>Eu uso estes em vez de c\u00e1psulas de \u00f3leo de peixe e estou muito feliz com eles. Este \u00e9 um suplemento que todos poderiam se beneficiar de tomar. Uma das coisas que eu notei mais quando estava sem tomar esses era ter meus olhos borrados e regados quando eu li por muito tempo. Pego 2 de manh\u00e3 e 2 \u00e0 noite e estou mais saud\u00e1vel por fazer isso. SJ, 27 de agosto de 2013<\/em><\/p>\n<p><strong><em><img loading=\"lazy\" class=\"size-full wp-image-2700 alignnone\" src=\"http:\/\/genewei.com\/br\/wp-content\/uploads\/2016\/08\/stars-70-5.jpg\" alt=\"\" width=\"70\" height=\"13\" \/>\u00a0<\/em>N\u00e3o peixe! Esse \u00e9 o caminho a percorrer!<\/strong><br \/>\n<em>Este material \u00e9 o melhor no mercado, m\u00e3os para baixo! Alberto M, 4 de junho de 2015<\/em><\/p>\n<p><strong><img loading=\"lazy\" class=\"alignnone size-full wp-image-2702\" src=\"http:\/\/genewei.com\/br\/wp-content\/uploads\/2016\/08\/stars-70-4.jpg\" alt=\"\" width=\"70\" height=\"13\" \/>\u00a0Estou muito entusiasmado com a tomada deste produto<\/strong><br \/>\n<em>Eu ordenei isso porque um amigo o recomendou e estou muito ansioso para ver se os meus resultados s\u00e3o t\u00e3o \u00f3timos quanto o dele. Aumento de energia. Eu irei editar esta revis\u00e3o mais tarde com meus resultados reais, mas, entretanto, com base em meu amigo, eu recomendaria este produto a qualquer pessoa que se sinta cansada ou com problemas comuns. Compradora Misteriosa, 11 de janeiro de 2014<\/em><\/p>\n<p><strong><em><img loading=\"lazy\" class=\"size-full wp-image-2700 alignnone\" src=\"http:\/\/genewei.com\/br\/wp-content\/uploads\/2016\/08\/stars-70-5.jpg\" alt=\"\" width=\"70\" height=\"13\" \/>\u00a0<\/em>Principais C\u00e1psulas\u00a0\u00d3leos Essenciais<\/strong><br \/>\n<em>Troquei de c\u00e1psulas de \u00f3leo de peixe para as c\u00e1psulas de \u00f3leos essenciais da Yes depois de uma pequena pesquisa e lendo muitas an\u00e1lises. Eu vou comprar minha pr\u00f3xima garrafa destas j\u00e1 que eu absolutamente amo elas! KG, 22 de agosto de 2013<\/em><\/p>\n<!-- AddThis Advanced Settings generic via filter on the_content --><!-- AddThis Share Buttons generic via filter on the_content -->","protected":false},"excerpt":{"rendered":"<table border=\"0\" width=\"100%\" cellspacing=\"3\" cellpadding=\"0\">\n<tbody>\n<tr>\n<td height=\"30\"><img loading=\"lazy\" class=\"size-full wp-image-84 alignleft\" src=\"http:\/\/curasdocancer.com\/lojavirtual\/wp-content\/uploads\/2015\/12\/adobe-PDF.png\" alt=\"adobe-PDF\" width=\"31\" height=\"30\" \/><strong><a href=\"http:\/\/curasdocancer.com\/PDF\/Yes-Instrucoes-Uso.pdf\">Manual do Yes Minerais e Yes AGE<\/a><\/strong>\u00a0&#8211; Fa\u00e7a o download e aprenda mais<\/td>\n<\/tr>\n<\/tbody>\n<\/table>\n<p><em><strong>Tomar 2-4 c\u00e1psulas no Caf\u00e9 da Manh\u00e3 e 2-4 c\u00e1psulas no Almo\u00e7o diariamente.<\/strong><\/em><!-- AddThis Advanced Settings generic via filter on wp_trim_excerpt --><!-- AddThis Share Buttons generic via filter on wp_trim_excerpt --><\/p>\n","protected":false},"featured_media":880,"template":"","meta":{"sfsi_plus_gutenberg_text_before_share":"","sfsi_plus_gutenberg_show_text_before_share":"","sfsi_plus_gutenberg_icon_type":"","sfsi_plus_gutenberg_icon_alignemt":"","sfsi_plus_gutenburg_max_per_row":"","_genesis_hide_title":false,"_genesis_hide_breadcrumbs":false,"_genesis_hide_singular_image":false,"_genesis_hide_footer_widgets":false,"_genesis_custom_body_class":"","_genesis_custom_post_class":"","_genesis_layout":""},"_links":{"self":[{"href":"http:\/\/genewei.com\/br\/wp-json\/wp\/v2\/product\/879"}],"collection":[{"href":"http:\/\/genewei.com\/br\/wp-json\/wp\/v2\/product"}],"about":[{"href":"http:\/\/genewei.com\/br\/wp-json\/wp\/v2\/types\/product"}],"wp:featuredmedia":[{"embeddable":true,"href":"http:\/\/genewei.com\/br\/wp-json\/wp\/v2\/media\/880"}],"wp:attachment":[{"href":"http:\/\/genewei.com\/br\/wp-json\/wp\/v2\/media?parent=879"}],"curies":[{"name":"wp","href":"https:\/\/api.w.org\/{rel}","templated":true}]}}