{"id":883,"date":"2016-07-05T13:15:09","date_gmt":"2016-07-05T16:15:09","guid":{"rendered":"http:\/\/genewei.com\/br\/?post_type=product&#038;p=883"},"modified":"2019-01-08T00:00:01","modified_gmt":"2019-01-08T02:00:01","slug":"yes-minerais","status":"publish","type":"product","link":"http:\/\/genewei.com\/br\/produto\/yes-minerais\/","title":{"rendered":"Yes Super Minerais Quelados (60 caps)"},"content":{"rendered":"\n<!-- Facebook Like Button Vivacity Infotech BEGIN -->\n<div class=\"fb-like\" data-href=\"http:\/\/genewei.com\/br\/produto\/yes-minerais\/\" data-layout=\"standard\" data-action=\"like\" data-show-faces=\"true\" data-size=\"small\" data-width=\"550\" data-share=\"1\" ><\/div>\n<!-- Facebook Like Button Vivacity Infotech END -->\n<p><strong>Aumentar a capacidade das c\u00e9lulas <\/strong>de produzir energia com o oxig\u00eanio \u00e9 essencial para pacientes com cancer. O famoso Dr. Otto Warburg, cientista ganhador do Pr\u00eamio Nobel, provou isso em seu importante trabalho. Para este processo,\u00a0<strong>minerais s\u00e3o essencialmente necess\u00e1rios.\u00a0<\/strong>Minerais s\u00e3o tecnicamente considerados co-enzimas e eles ajudam vitaminas a trabalhar muito mais eficientemente.<\/p>\n<p><strong>Estes minerais costumavam estar presentes naturalmente em nossos alimentos,<\/strong> mas a agricultura moderna e m\u00e9todos de processamento de alimentos t\u00eam retirado a maior parte destes minerais de nossas dietas. YES Super Minerais Quelados \u00e9 uma maneira eficaz de repor alguns dos minerais essenciais.<\/p>\n<p>Fornece estes <strong>8 minerais<\/strong> essenciais na forma correta e quantidades (sem overdoses potencialmente prejudiciais) para uso m\u00e1ximo pelo corpo:<br \/>\n<strong>Ferro, Magn\u00e9sio, Zinco, Sel\u00eanio, Cobre, Mangan\u00eas, Cromo, Boro.<\/strong><\/p>\n<hr \/>\n<h2 class=\"style57\" align=\"center\"><span class=\"style84\"><strong>Yes<\/strong><\/span><strong> Super Minerais Quelados<\/strong><\/h2>\n<h3 class=\"style31\" align=\"center\"><strong>O suplemento de minerais essencial<\/strong> para promover a cria\u00e7\u00e3o de energia correta para pacientes com cancer! Importado dos Estados Unidos<\/h3>\n<p class=\"style31\" align=\"center\"><a href=\"http:\/\/www.curasdocancer.com\/suplementos-curativos-importados.htm#yesminerais\"><img loading=\"lazy\" src=\"http:\/\/curasdocancer.com\/images\/suplemento-minerais-lg.jpg\" alt=\"\" width=\"183\" height=\"344\" border=\"0\" \/><\/a><\/p>\n<p class=\"style31\" align=\"center\"><em>Este suplemento cont\u00e9m minerais <strong>verdadeiramente quelatos<\/strong> em uma forma biodispon\u00edvel, sem aditivos utilizados.<\/em><\/p>\n<p><strong>Aumentar a capacidade das c\u00e9lulas <\/strong>de produzir energia com o oxig\u00eanio \u00e9 essencial para pacientes com cancer. O famoso Dr. Otto Warburg, cientista ganhador do Pr\u00eamio Nobel, provou isso em seu importante trabalho. Para este processo <strong>minerais s\u00e3o essencialmente necess\u00e1rios.<\/strong> Minerais s\u00e3o tecnicamente considerados co-enzimas e eles ajudam vitaminas a trabalhar muito mais eficientemente.<\/p>\n<p><strong><img loading=\"lazy\" class=\"alignleft\" src=\"http:\/\/curasdocancer.com\/images\/minerais-plantas.jpg\" alt=\"\" width=\"360\" height=\"310\" \/>Estes minerais costumavam estar presentes<\/strong> naturalmente em nossos alimentos, mas a agricultura moderna e m\u00e9todos de processamento de alimentos t\u00eam retirado a maior parte destes minerais de nossas dietas. YES Super Minerais Quelados \u00e9 uma maneira eficaz de repor alguns dos minerais essenciais.<\/p>\n<p>A forma adequada de minerais para ser utilizada pelo organismo chama-se &#8220;verdadeiramente-quelado&#8221;. Este termo significa que uma prote\u00edna (amino\u00e1cido) \u00e9 ligada ao mineral de modo que eles se tornam um. Esta \u00e9 a forma em minerais ocorrem naturalmente nos alimentos prot\u00e9icos como carne, frango e peixe. A c\u00e9lula &#8220;recebe&#8221; a prote\u00edna, e junto com ela, o mineral. A fim de serem utilizados pelo seu corpo, os minerais necessitam entrar na c\u00e9lula.<\/p>\n<p>Os minerais s\u00e3o verdadeiramente quelatados e foram criados pelos Labor\u00e1torios Albion. Este laborat\u00f3rio \u00e9 o l\u00edder em pesquisa de minerais no mundo. Este suplemento mineral \u00e9 muito importante para <strong>promover a cria\u00e7\u00e3o de energia correta para pacientes com cancer.<\/strong><\/p>\n<hr \/>\n<p>&nbsp;<\/p>\n<p><strong><em><img loading=\"lazy\" class=\"size-full wp-image-2700 alignnone\" src=\"http:\/\/genewei.com\/br\/wp-content\/uploads\/2016\/08\/stars-70-5.jpg\" alt=\"\" width=\"70\" height=\"13\" \/>\u00a0<\/em>Muito feliz com este produto mineral<\/strong><br \/>\n<em>Estou muito feliz com esses minerais, pois tem sel\u00eanio e zinco, bem como outros minerais, e estou com poucos desses minerais. O suplemento que eu estava tomando antes n\u00e3o incluiu estes dois. cliente, 15 de mar\u00e7o de 2015<\/em><\/p>\n<p><strong><img loading=\"lazy\" class=\"alignnone size-full wp-image-2702\" src=\"http:\/\/genewei.com\/br\/wp-content\/uploads\/2016\/08\/stars-70-4.jpg\" alt=\"\" width=\"70\" height=\"13\" \/>\u00a0Tomando 1<\/strong><br \/>\n<em>S\u00f3 poderia tomar 1 de manh\u00e3, enquanto 2 me mantiveram acordado \u00e0 noite. 7 de mar\u00e7o de 2017<\/em><\/p>\n<p><strong><em><img loading=\"lazy\" class=\"size-full wp-image-2700 alignnone\" src=\"http:\/\/genewei.com\/br\/wp-content\/uploads\/2016\/08\/stars-70-5.jpg\" alt=\"\" width=\"70\" height=\"13\" \/> <\/em>\u00f3timo produto<\/strong><br \/>\n<em>Outro \u00f3timo produto que uso junto com o Yes Essiac Herbal Liquid e os \u00f3leos essenciais combinados.\u00a0Rolan,\u00a05 de maio de 2016<\/em><\/p>\n<p><strong><em><img loading=\"lazy\" class=\"size-full wp-image-2700 alignnone\" src=\"http:\/\/genewei.com\/br\/wp-content\/uploads\/2016\/08\/stars-70-5.jpg\" alt=\"\" width=\"70\" height=\"13\" \/>\u00a0<\/em>Excelente Produto<\/strong><br \/>\nPeskin fez grande parte de sua pesquisa e intui\u00e7\u00f5es sobre como obter o equil\u00edbrio e as fontes de Minerais <em>essenciais na dieta DIREITA.\u00a0Studio Laczko, 24 de maio de 2014<\/em><\/p>\n<!-- AddThis Advanced Settings generic via filter on the_content --><!-- AddThis Share Buttons generic via filter on the_content -->","protected":false},"excerpt":{"rendered":"<table border=\"0\" width=\"100%\" cellspacing=\"3\" cellpadding=\"0\">\n<tbody>\n<tr>\n<td height=\"30\"><img loading=\"lazy\" class=\"size-full wp-image-84 alignleft\" src=\"http:\/\/curasdocancer.com\/lojavirtual\/wp-content\/uploads\/2015\/12\/adobe-PDF.png\" alt=\"adobe-PDF\" width=\"31\" height=\"30\" \/><strong><a href=\"http:\/\/curasdocancer.com\/PDF\/Yes-Instrucoes-Uso.pdf\">Manual do Yes Minerais e Yes AGE<\/a><\/strong>\u00a0&#8211; Fa\u00e7a o download e aprenda mais<\/td>\n<\/tr>\n<\/tbody>\n<\/table>\n<p><em>2 c\u00e1psulas por dia com alimentos. Melhor se tomado com alimentos de baixa fibra, porque a fibra bloqueia a absor\u00e7\u00e3o de minerais.<\/em><\/p>\n<p><em><strong>Tomar 1 c\u00e1psula no Caf\u00e9 da Manh\u00e3 e 1 c\u00e1psula no Almo\u00e7o diariamente.<\/strong><\/em><!-- AddThis Advanced Settings generic via filter on wp_trim_excerpt --><!-- AddThis Share Buttons generic via filter on wp_trim_excerpt --><\/p>\n","protected":false},"featured_media":884,"template":"","meta":{"sfsi_plus_gutenberg_text_before_share":"","sfsi_plus_gutenberg_show_text_before_share":"","sfsi_plus_gutenberg_icon_type":"","sfsi_plus_gutenberg_icon_alignemt":"","sfsi_plus_gutenburg_max_per_row":"","_genesis_hide_title":false,"_genesis_hide_breadcrumbs":false,"_genesis_hide_singular_image":false,"_genesis_hide_footer_widgets":false,"_genesis_custom_body_class":"","_genesis_custom_post_class":"","_genesis_layout":""},"_links":{"self":[{"href":"http:\/\/genewei.com\/br\/wp-json\/wp\/v2\/product\/883"}],"collection":[{"href":"http:\/\/genewei.com\/br\/wp-json\/wp\/v2\/product"}],"about":[{"href":"http:\/\/genewei.com\/br\/wp-json\/wp\/v2\/types\/product"}],"wp:featuredmedia":[{"embeddable":true,"href":"http:\/\/genewei.com\/br\/wp-json\/wp\/v2\/media\/884"}],"wp:attachment":[{"href":"http:\/\/genewei.com\/br\/wp-json\/wp\/v2\/media?parent=883"}],"curies":[{"name":"wp","href":"https:\/\/api.w.org\/{rel}","templated":true}]}}