{"id":895,"date":"2016-07-05T13:57:29","date_gmt":"2016-07-05T16:57:29","guid":{"rendered":"http:\/\/genewei.com\/br\/?post_type=product&#038;p=895"},"modified":"2018-02-24T14:05:37","modified_gmt":"2018-02-24T17:05:37","slug":"complexo-de-butirato-calcio-magnesio","status":"publish","type":"product","link":"http:\/\/genewei.com\/br\/produto\/complexo-de-butirato-calcio-magnesio\/","title":{"rendered":"Complexo de Butirato C\u00e1lcio\/Magn\u00e9sio 600 mg (250 caps)"},"content":{"rendered":"\n<!-- Facebook Like Button Vivacity Infotech BEGIN -->\n<div class=\"fb-like\" data-href=\"http:\/\/genewei.com\/br\/produto\/complexo-de-butirato-calcio-magnesio\/\" data-layout=\"standard\" data-action=\"like\" data-show-faces=\"true\" data-size=\"small\" data-width=\"550\" data-share=\"1\" ><\/div>\n<!-- Facebook Like Button Vivacity Infotech END -->\n<p><em><strong>Com o Butirato voc\u00ea completa e tem um Protocolo de Suplementa\u00e7\u00e3o Poderoso!<\/strong><\/em><\/p>\n<p><strong>Ingredientes:<\/strong> \u00e1cido but\u00edrico, hidr\u00f3xido de c\u00e1lcio, hidr\u00f3xido de magn\u00e9sio, e diglic\u00e9ridos. Cada c\u00e1psula cont\u00e9m, pelo menos, 600 mg de \u00e1cido but\u00edrico como butiratos de c\u00e1lcio \/ magn\u00e9sio.<\/p>\n<p>N\u00e3o cont\u00e9m fermento, trigo, milho, soja, l\u00e1cteos, corantes artificiais ou resinas.<\/p>\n<hr \/>\n<p><strong>Tamanho da Dose:<\/strong> 6 c\u00e1psulas<\/p>\n<p><strong>Doses por embalagem:<\/strong> 41<\/p>\n<p><strong>Quantidade por por\u00e7\u00e3o:<\/strong><br \/>\nCalorias 28<br \/>\nCalorias de gordura 26<br \/>\nGordura Total 4 g<br \/>\nGordura trans 0 g<br \/>\nC\u00e1lcio 480 mg<br \/>\nMagn\u00e9sio 240 mg<br \/>\n\u00c1cido But\u00edrico 3,6 g<\/p>\n<p><strong>Ingredientes:<\/strong> \u00c1cido but\u00edrico, hidr\u00f3xido de c\u00e1lcio, hidr\u00f3xido de magn\u00e9sio, e diglic\u00e9ridos.<br \/>\nCada c\u00e1psula cont\u00e9m, pelo menos, 600 mg de \u00e1cido but\u00edrico como butiratos de c\u00e1lcio\/magn\u00e9sio.<br \/>\nN\u00c3O cont\u00e9m fermento, trigo, milho, soja, produtos l\u00e1cteos, cores artificiais ou resinas.<\/p>\n<p><strong>Uso sugerido:<\/strong><br \/>\n1-2 c\u00e1psulas em cada refei\u00e7\u00e3o.<\/p>\n<p>Mantenha fora do alcance de crian\u00e7as. Mantenha em local fresco e seco.<\/p>\n<!-- AddThis Advanced Settings generic via filter on the_content --><!-- AddThis Share Buttons generic via filter on the_content -->","protected":false},"excerpt":{"rendered":"<p>Aumenta efeito da Artemisinina.<\/p>\n<table border=\"0\" width=\"100%\" cellspacing=\"3\" cellpadding=\"0\">\n<tbody>\n<tr>\n<td height=\"30\"><img loading=\"lazy\" class=\"size-full wp-image-84 alignleft\" src=\"http:\/\/curasdocancer.com\/lojavirtual\/wp-content\/uploads\/2015\/12\/adobe-PDF.png\" alt=\"adobe-PDF\" width=\"31\" height=\"30\" \/><strong>Receba as Dosagens e Protocolo <\/strong>ap\u00f3s a compra do <a href=\"http:\/\/genewei.com\/br\/produto\/protocolo-anti-cancer-artemisinina\/\" target=\"_blank\" rel=\"noopener noreferrer\">Protocolo Artemisinina<\/a><\/td>\n<\/tr>\n<\/tbody>\n<\/table>\n<p><!-- AddThis Advanced Settings generic via filter on wp_trim_excerpt --><!-- AddThis Share Buttons generic via filter on wp_trim_excerpt --><\/p>\n","protected":false},"featured_media":896,"template":"","meta":{"sfsi_plus_gutenberg_text_before_share":"","sfsi_plus_gutenberg_show_text_before_share":"","sfsi_plus_gutenberg_icon_type":"","sfsi_plus_gutenberg_icon_alignemt":"","sfsi_plus_gutenburg_max_per_row":"","_genesis_hide_title":false,"_genesis_hide_breadcrumbs":false,"_genesis_hide_singular_image":false,"_genesis_hide_footer_widgets":false,"_genesis_custom_body_class":"","_genesis_custom_post_class":"","_genesis_layout":""},"_links":{"self":[{"href":"http:\/\/genewei.com\/br\/wp-json\/wp\/v2\/product\/895"}],"collection":[{"href":"http:\/\/genewei.com\/br\/wp-json\/wp\/v2\/product"}],"about":[{"href":"http:\/\/genewei.com\/br\/wp-json\/wp\/v2\/types\/product"}],"wp:featuredmedia":[{"embeddable":true,"href":"http:\/\/genewei.com\/br\/wp-json\/wp\/v2\/media\/896"}],"wp:attachment":[{"href":"http:\/\/genewei.com\/br\/wp-json\/wp\/v2\/media?parent=895"}],"curies":[{"name":"wp","href":"https:\/\/api.w.org\/{rel}","templated":true}]}}