{"id":899,"date":"2016-07-05T15:03:32","date_gmt":"2016-07-05T18:03:32","guid":{"rendered":"http:\/\/genewei.com\/br\/?post_type=product&#038;p=899"},"modified":"2018-08-03T21:08:56","modified_gmt":"2018-08-04T00:08:56","slug":"beta-glucano","status":"publish","type":"product","link":"http:\/\/genewei.com\/br\/produto\/beta-glucano\/","title":{"rendered":"Beta-Glucano 500 mg (Beta-1, 3D Glucano) (60 caps)"},"content":{"rendered":"\n<!-- Facebook Like Button Vivacity Infotech BEGIN -->\n<div class=\"fb-like\" data-href=\"http:\/\/genewei.com\/br\/produto\/beta-glucano\/\" data-layout=\"standard\" data-action=\"like\" data-show-faces=\"true\" data-size=\"small\" data-width=\"550\" data-share=\"1\" ><\/div>\n<!-- Facebook Like Button Vivacity Infotech END -->\n<p><strong>Comprovado pela ci\u00eancia. Apoiado por pesquisa.<\/strong><\/p>\n<p>(Beta Glucano\/ Beta Glucane) Beta-Glucano\u00a0ajuda naturalmente a modular um sistema imunit\u00e1rio saud\u00e1vel para prestar <strong>apoio e equil\u00edbrio.<\/strong> Ao contr\u00e1rio de outros, suplementos diet\u00e9ticos imunes severos, Glucan 300\u00ae \u00e9 de origem natural e cientificamente apoiado.<\/p>\n<p>Mais de <strong>50 anos de pesquisa<\/strong> em universidades de prest\u00edgio em todo o mundo documenta\u00a0os benef\u00edcios de Beta-1, 3D Glucano.<\/p>\n<p><strong>Pureza<\/strong><\/p>\n<p><em>Transfer Point, Inc.<\/em> \u00e9 a \u00fanica empresa que oferece um Beta glucano com um m\u00ednimo de <strong>83% Beta-1,<\/strong> conte\u00fado glucano 3D em sem contaminantes prejudiciais. Cada lote \u00e9 testado independentemente e um <em>Certificado de An\u00e1lise<\/em> \u00e9 fornecido e est\u00e1 dispon\u00edvel mediante solicita\u00e7\u00e3o.<\/p>\n<p><strong>Efic\u00e1cia<\/strong><\/p>\n<p>A pesquisa mostra que a pureza \u00e9 importante quando se trata de atividade biol\u00f3gica. Nenhum outro Beta glucano pode coincidir com a efic\u00e1cia que fez <em>Transfer Point\u2019s Glucan 300\u00ae<\/em> o nome respeitado no suporte imunol\u00f3gico.<\/p>\n<hr \/>\n<p><strong>Um sistema imunol\u00f3gico saud\u00e1vel \u00e9 uma das coisas mais importantes na luta contra o c\u00e2ncer.<\/strong> Mas, sob condi\u00e7\u00f5es normais, a resposta imune muitas vezes n\u00e3o \u00e9 potente o suficiente para efetivamente eliminar as c\u00e9lulas cancerosas. Betaglucano \u00e9 \u00fanico porque ele estimula as c\u00e9lulas imunes (macr\u00f3fagos e c\u00e9lulas NK) para que elas possam efetivamente <strong>reconhecer e destruir <\/strong>c\u00e9lulas cancerosas no corpo. Porque \u00e9 o seu pr\u00f3prio sistema imunol\u00f3gico atacando o c\u00e2ncer, c\u00e9lulas saud\u00e1veis normais n\u00e3o s\u00e3o prejudicadas. Betaglucano tamb\u00e9m estimula o corpo a liberar muitos produtos qu\u00edmicos biol\u00f3gicos que s\u00e3o conhecidos por terem efeitos anti-c\u00e2ncer.<\/p>\n<p>Este suplemento tamb\u00e9m apoia o seu sistema imunol\u00f3gico enquanto lutando contra os efeitos nocivos da <strong>quimioterapia e da radia\u00e7\u00e3o.<\/strong> Os efeitos ben\u00e9ficos do Betaglucano t\u00eam sido relatados em mais de um mil trabalhos cient\u00edficos.<\/p>\n<hr \/>\n<p><strong><img loading=\"lazy\" class=\"size-full wp-image-2700 alignnone\" src=\"http:\/\/genewei.com\/br\/wp-content\/uploads\/2016\/08\/stars-70-5.jpg\" alt=\"\" width=\"70\" height=\"13\" \/>\u00a0Simplesmente&#8230; Sentindo-me incr\u00edvel, estou livre de c\u00e2ncer&#8230;\u00a0 \ud83d\ude42<\/strong><br \/>\n<em>Eu tenho usado este produto desde que eu diagnosticei met\u00e1stases de c\u00e2ncer de est\u00f4mago do est\u00e1gio 4 com sistema hep\u00e1tico e linf\u00e1tico. E eu estou livre de c\u00e2ncer desde 04 de maio&#8230; ???? Existe alguma outra palavra necess\u00e1ria para expressar meus sentimentos. Estou usando isso junto com MGN-3, extrato de a\u00e7afr\u00e3o e graviola.\u00a0Brian C, 25 de setembro de 2015<\/em><\/p>\n<p><strong><img loading=\"lazy\" class=\"size-full wp-image-2700 alignnone\" src=\"http:\/\/genewei.com\/br\/wp-content\/uploads\/2016\/08\/stars-70-5.jpg\" alt=\"\" width=\"70\" height=\"13\" \/><\/strong><strong>\u00a0Produto de muita alta qualidade<\/strong><br \/>\n<em>De acordo com minha pesquisa, n\u00e3o existe uma vers\u00e3o melhor do Beta Glucano no mercado do que essa.<\/em><\/p>\n<p><em>Beta Glucano \u00e9 o que \u00e9 tecnicamente conhecido como &#8220;imunomodulador&#8221;. \u00c9 significativo para os pacientes com c\u00e2ncer porque ajuda seu sistema imunol\u00f3gico a reconhecer o c\u00e2ncer, que tende a sobreviver e prosperar porque \u00e9 invis\u00edvel ao sistema imunol\u00f3gico. A \u00fanica outra subst\u00e2ncia que eu tenho ouvido na minha pesquisa que faz o mesmo \u00e9 RIGVIR, e voc\u00ea tem que pagar dezenas de milhares de d\u00f3lares para obter esse tratamento na Alemanha ou no M\u00e9xico sob a supervis\u00e3o de um m\u00e9dico em uma cl\u00ednica privada.<\/em><\/p>\n<p><em>A dosagem para Beta Glucan \u00e9 determinada pelo seu peso:<\/em><\/p>\n<p><em>\u25cf 100 lbs ou 45kg = 1.000 mg por dia (2 c\u00e1psulas)<\/em><br \/>\n<em>\u25cf 125 lbs ou 57kg = 1.000mg &#8211; 1.500mg alternando diariamente<\/em><br \/>\n<em>\u25cf 150 lbs ou 68kg = 1.500mg por dia (3 c\u00e1psulas)<\/em><br \/>\n<em>\u25cf 175 libras ou 80 kg. = 2,000mg por dia (4 c\u00e1psulas)<\/em><br \/>\n<em>\u25cf 225 lbs ou 102kg e qualquer peso acima = 2.500mg por dia (5 caps)<\/em><\/p>\n<p><em>Recomenda-se que, se voc\u00ea estiver tomando este suplemento para suportar a boa sa\u00fade e a imunidade existentes, se for jovem, sua dose recomendada \u00e9 de 100 mg por dia e, se for de meia-idade ou acima, voc\u00ea toma 500 mg por dia.<\/em><\/p>\n<p><em>Para uma excelente discuss\u00e3o sobre o Beta Glucano, insira esse nome em uma pesquisa do Google com a palavras adicionais &#8220;anti-cancer&#8221;.\u00a0Kate M,\u00a08 de novembro de 2015<\/em><\/p>\n<p><strong><img loading=\"lazy\" class=\"size-full wp-image-2700 alignnone\" src=\"http:\/\/genewei.com\/br\/wp-content\/uploads\/2016\/08\/stars-70-5.jpg\" alt=\"\" width=\"70\" height=\"13\" \/>\u00a0\u00d3timo para os animais de estima\u00e7\u00e3o da fam\u00edlia tamb\u00e9m!<\/strong><br \/>\n<em>Eu consegui isso para meu cachorro idoso que teve um crescimento vindo do interior de sua tampa do olho inferior. Esse crescimento tem um nome muito longo que n\u00e3o consigo digitar. Mas eles precisam ser removidos por um cirurgi\u00e3o do olho porque eles v\u00eam de uma gl\u00e2ndula e a tampa do olho precisa ser reparada de maneira especial. Seu crescimento estava ficando maior e co\u00e7ando seus olhos causando dor.<\/em><\/p>\n<p><em>Encontrei informa\u00e7\u00f5es sobre essas c\u00e1psulas e disse por que n\u00e3o experiment\u00e1-las. Se o governo (que estava em um documento de pesquisa que eu li) pode dar aos militares depois da exposi\u00e7\u00e3o \u00e0 radia\u00e7\u00e3o, posso dar-lhes a minha doce garota que provavelmente \u00e9 muito velha para a cirurgia. A cirurgia \u00e9 de v\u00e1rios milhares para inicializar. Ent\u00e3o eu comecei a dar-lhe 1 de manh\u00e3 e 1 \u00e0 noite com o jantar. Comecei a notar melhorias em seu tamanho cerca de 1,5 a 2 semanas. Ent\u00e3o, come\u00e7ou a mudar as cores de um rosa brilhante saud\u00e1vel para cinza. 3 meses e \u00e9 apenas uma especifica\u00e7\u00e3o Gray pequena na tampa inferior agora e era do tamanho de uma lentilha. <\/em><\/p>\n<p><em>N\u00f3s at\u00e9 perdemos uma semana porque meu pai estava no hospital e n\u00f3s estivemos esgotados. Eu pensei que come\u00e7aria a crescer de novo, mas n\u00e3o. Tinha ap\u00f3s o primeiro m\u00eas porque perdi alguns dias com ele. Mas agora ela est\u00e1 tomando apenas 1 por dia com o jantar. Minha irm\u00e3 tamb\u00e9m os entregou a seu collie de fronteira superior que tinha dois g\u00f3ticos no interior de suas coxas do tamanho de ovos cozidos&#8230; sem exagero. Eles estavam cheios de l\u00edquido. Estamos felizes em denunciar que estes crescimentos \/ sacos est\u00e3o completamente desaparecidos.\u00a0SPT, 8 de dezembro de 2015<\/em><\/p>\n<p><strong><img loading=\"lazy\" class=\"size-full wp-image-2700 alignnone\" src=\"http:\/\/genewei.com\/br\/wp-content\/uploads\/2016\/08\/stars-70-5.jpg\" alt=\"\" width=\"70\" height=\"13\" \/>\u00a0Produto de alta qualidade<\/strong><br \/>\n<em>Vaclav Vetvicka (Universidade de Louisville &#8211; Patologia) fez pesquisas mais completas e completas sobre Beta Glucans do que talvez qualquer cientista. Esta empresa realizou o melhor em seu campo de produtos.<\/em><\/p>\n<p><em>Beta Glucans induzem uma resposta imune mediada por Th1 (via receptores Dectin-1, Lac-Cer e CR3). A resposta imune \u00e9 respons\u00e1vel pela luta contra agentes patog\u00eanicos e c\u00e2ncer etc. Alergias, trauma para o corpo (les\u00f5es, queimaduras, cirurgia) induzem a mudan\u00e7a para uma resposta Th2. Quanto maior o trauma (e maior a quantidade de necessidades de cura induzidas por cirurgia) ou maior a rea\u00e7\u00e3o al\u00e9rgica, maior a mudan\u00e7a para uma resposta mediada por Th2. \u00c9 por isso que as infec\u00e7\u00f5es s\u00e3o t\u00e3o prevalentes ap\u00f3s um trauma ou cirurgia. Seu corpo mudou para Th2 e \u00e9 isso que abre o corpo para a infec\u00e7\u00e3o. Tomar Beta Glucans ir\u00e1 mudar voc\u00ea de volta para uma resposta Th1 para ajudar a evitar pat\u00f3genos ou aliviar as rea\u00e7\u00f5es al\u00e9rgicas.<\/em><\/p>\n<p><em>Combine isso com Resveratrol e Vitamina C e a modifica\u00e7\u00e3o da resposta biol\u00f3gica \u00e9 ainda maior do que com os Beta. James O, 10 de agosto de 2013<\/em><\/p>\n<p><strong><img loading=\"lazy\" class=\"alignnone size-full wp-image-2702\" src=\"http:\/\/genewei.com\/br\/wp-content\/uploads\/2016\/08\/stars-70-4.jpg\" alt=\"\" width=\"70\" height=\"13\" \/>\u00a0Depoimento sobre efeito Beta Glucano<\/strong><br \/>\n<em>Parece funcionar, mas agora n\u00e3o posso dizer. Eu acredito que vou saber muito mais quando esse c\u00e2ncer tentar fazer o retorno em alguns anos.\u00a0Billy B,\u00a028 de agosto de 2016<\/em><\/p>\n<p><strong><img loading=\"lazy\" class=\"size-full wp-image-2700 alignnone\" src=\"http:\/\/genewei.com\/br\/wp-content\/uploads\/2016\/08\/stars-70-5.jpg\" alt=\"\" width=\"70\" height=\"13\" \/>\u00a0Cinco estrelas<\/strong><br \/>\n<em>Sinta-se mais saud\u00e1vel e mais en\u00e9rgico.\u00a0Kim E.,\u00a011 de dezembro de 2014<\/em><\/p>\n<p><strong><img loading=\"lazy\" class=\"size-full wp-image-2700 alignnone\" src=\"http:\/\/genewei.com\/br\/wp-content\/uploads\/2016\/08\/stars-70-5.jpg\" alt=\"\" width=\"70\" height=\"13\" \/>\u00a0Ajuda com sensibilidade alimentar<\/strong><br \/>\n<em>Depois de meses de ver um acupunturista para minha terr\u00edvel acne que se desenvolveu no final dos anos 40, ele determinou que eu n\u00e3o tinha acne. Ele disse que meus problemas de pele n\u00e3o eram acne e n\u00e3o estavam relacionados aos horm\u00f4nios. Eu tinha alergias. Eu fiz testes de sensibilidade alimentar e encontrei uma s\u00e9rie de gatilhos, mas ainda sofri de surtos repentinos e inexplicados de problemas, com coceiras em toda a minha cara.<\/em><\/p>\n<p><em>Ouvi sobre este produto em conex\u00e3o com o tratamento do c\u00e2ncer. Eu pensei que se isso ajudasse o sistema imunol\u00f3gico de um paciente com c\u00e2ncer, talvez faria o mesmo por mim. Comecei com 500 mg por dia e vi uma pequena melhora. Depois de um m\u00eas, mudei para 1000 mg por dia, e estou vendo uma melhoria definitiva. J\u00e1 faz dois meses e raramente j\u00e1 tenho problemas de coceira. Eu consegui comer alimentos que eu costumava ser altamente reativo (qualquer coisa com arroz, exemplo, como Pad Thai) com modera\u00e7\u00e3o. Minha pele ainda n\u00e3o \u00e9 perfeita, porque eu tenho ros\u00e1cea, mas \u00e9 uma cura depois de anos de luta e constrangimento. Eu ainda nunca comendo produtos de trigo ou milho, mas pelo menos o arroz ocasional. Definitivamente vou continuar. Se n\u00e3o fosse t\u00e3o caro, eu tentaria 1500 mg por dia.\u00a0Anne, 29 de janeiro de 2016<\/em><\/p>\n<p><strong><img loading=\"lazy\" class=\"size-full wp-image-2700 alignnone\" src=\"http:\/\/genewei.com\/br\/wp-content\/uploads\/2016\/08\/stars-70-5.jpg\" alt=\"\" width=\"70\" height=\"13\" \/>\u00a0Cinco estrelas<\/strong><br \/>\n<em>Tomando todos os dias para o sistema imunol\u00f3gico conforme recomendado.\u00a0Glorina R, 10 de outubro de 2014<\/em><\/p>\n<p><strong><img loading=\"lazy\" class=\"alignnone size-full wp-image-2702\" src=\"http:\/\/genewei.com\/br\/wp-content\/uploads\/2016\/08\/stars-70-4.jpg\" alt=\"\" width=\"70\" height=\"13\" \/>\u00a0Sinto uma boa rea\u00e7\u00e3o do meu corpo neste medicamento<\/strong><br \/>\n<em>Sinto uma boa rea\u00e7\u00e3o do meu corpo neste medicamento. Eu acho, que isso me ajudar\u00e1 a resolver o meu principal problema de sa\u00fade.\u00a0<\/em><em>Sauda\u00e7\u00f5es, Marijan P, 29 de setembro de 2014<\/em><\/p>\n<p><strong><img loading=\"lazy\" class=\"size-full wp-image-2700 alignnone\" src=\"http:\/\/genewei.com\/br\/wp-content\/uploads\/2016\/08\/stars-70-5.jpg\" alt=\"\" width=\"70\" height=\"13\" \/>\u00a0Meu pai se tornou melhor<\/strong><br \/>\n<em>Ajuda muito para impulsionar o sistema imunol\u00f3gico, meu pai tornou-se melhor com alergias. S.T., 6 de dezembro de 2016<\/em><\/p>\n<p><strong><img loading=\"lazy\" class=\"size-full wp-image-2700 alignnone\" src=\"http:\/\/genewei.com\/br\/wp-content\/uploads\/2016\/08\/stars-70-5.jpg\" alt=\"\" width=\"70\" height=\"13\" \/>\u00a0&#8230;testei produtos Beta glucan e este \u00e9 classificado como o melhor. \u00c9 caro, mas vale a pena<\/strong><br \/>\n<em>Eu fiz uma extensa pesquisa sobre os diferentes produtos Beta glucan e este \u00e9 avaliado como o melhor. \u00c9 caro, mas vale a pena. Comprei 6 meses de cada vez, o que o torna um pouco mais barato.\u00a0LP, 28 de novembro de 2015<\/em><\/p>\n<p><strong><img loading=\"lazy\" class=\"size-full wp-image-2700 alignnone\" src=\"http:\/\/genewei.com\/br\/wp-content\/uploads\/2016\/08\/stars-70-5.jpg\" alt=\"\" width=\"70\" height=\"13\" \/>\u00a0Cinco estrelas<\/strong><br \/>\n<em>Eu posso dizer uma diferen\u00e7a no meu corpo depois de tom\u00e1-lo por um curto per\u00edodo de tempo.\u00a0Holly H, 8 de julho de 2014<\/em><\/p>\n<!-- AddThis Advanced Settings generic via filter on the_content --><!-- AddThis Share Buttons generic via filter on the_content -->","protected":false},"excerpt":{"rendered":"<ul>\n<li><strong>N\u00e3o t\u00f3xico<\/strong><\/li>\n<li>Apoia a modula\u00e7\u00e3o do<strong> sistema imunol\u00f3gico<\/strong><\/li>\n<li>Tem G.R.A.S. <strong>classifica\u00e7\u00e3o da FDA<\/strong><\/li>\n<li>Aumenta a popula\u00e7\u00e3o de <strong>c\u00e9lulas imunes<\/strong><\/li>\n<li>Apoiado por mais de<strong> 50 anos de pesquisa<\/strong><\/li>\n<\/ul>\n<p>&nbsp;<!-- AddThis Advanced Settings generic via filter on wp_trim_excerpt --><!-- AddThis Share Buttons generic via filter on wp_trim_excerpt --><\/p>\n","protected":false},"featured_media":1021,"template":"","meta":{"sfsi_plus_gutenberg_text_before_share":"","sfsi_plus_gutenberg_show_text_before_share":"","sfsi_plus_gutenberg_icon_type":"","sfsi_plus_gutenberg_icon_alignemt":"","sfsi_plus_gutenburg_max_per_row":"","_genesis_hide_title":false,"_genesis_hide_breadcrumbs":false,"_genesis_hide_singular_image":false,"_genesis_hide_footer_widgets":false,"_genesis_custom_body_class":"","_genesis_custom_post_class":"","_genesis_layout":""},"_links":{"self":[{"href":"http:\/\/genewei.com\/br\/wp-json\/wp\/v2\/product\/899"}],"collection":[{"href":"http:\/\/genewei.com\/br\/wp-json\/wp\/v2\/product"}],"about":[{"href":"http:\/\/genewei.com\/br\/wp-json\/wp\/v2\/types\/product"}],"wp:featuredmedia":[{"embeddable":true,"href":"http:\/\/genewei.com\/br\/wp-json\/wp\/v2\/media\/1021"}],"wp:attachment":[{"href":"http:\/\/genewei.com\/br\/wp-json\/wp\/v2\/media?parent=899"}],"curies":[{"name":"wp","href":"https:\/\/api.w.org\/{rel}","templated":true}]}}