{"id":903,"date":"2016-07-05T14:52:34","date_gmt":"2016-07-05T17:52:34","guid":{"rendered":"http:\/\/genewei.com\/br\/?post_type=product&#038;p=903"},"modified":"2018-11-13T14:30:55","modified_gmt":"2018-11-13T16:30:55","slug":"wobenzima-100","status":"publish","type":"product","link":"http:\/\/genewei.com\/br\/produto\/wobenzima-100\/","title":{"rendered":"Wobenzima N (100 tabs)"},"content":{"rendered":"\n<!-- Facebook Like Button Vivacity Infotech BEGIN -->\n<div class=\"fb-like\" data-href=\"http:\/\/genewei.com\/br\/produto\/wobenzima-100\/\" data-layout=\"standard\" data-action=\"like\" data-show-faces=\"true\" data-size=\"small\" data-width=\"550\" data-share=\"1\" ><\/div>\n<!-- Facebook Like Button Vivacity Infotech END -->\n<p>Todos os pacientes com cancer <strong>vivem em m\u00e9dia 30% mais<\/strong> tempo adicionando Wobenzima 10 tabs tid ac, relatou o Dr. Garry F. Gordon MD, DO, MD (H).<\/p>\n<p>O Dr. Nicholas Gonzales tem um protocolo para cancer no p\u00e2ncreas baseado em alta suplementa\u00e7\u00e3o com enzimas pancre\u00e1ticas (originalmente usando Wobenzima pelo menos 10+ tid) e v\u00e1rios enemas de caf\u00e9. O Instituto de Sa\u00fade Natural (NIH) est\u00e1 ajudando a estudar o seu protocolo. Recomendamos a Wobenzima a todos os pacientes.<\/p>\n<div class=\"style27\" align=\"center\">\n<div class=\"style27\" align=\"center\">\n<table border=\"0\" width=\"100%\" cellspacing=\"0\" cellpadding=\"10\">\n<tbody>\n<tr>\n<td bgcolor=\"#FFFFB9\">\n<div align=\"left\"><em><strong>\u201cEu tamb\u00e9m tenho sido muito bem sucedido <\/strong>no gerenciamento a longo prazo de todos os pacientes de cancer da pr\u00f3stata atrav\u00e9s da adi\u00e7\u00e3o de Wobenzima aos seus programas de suplementos.\u201d\u00a0<\/em>\u2014 Dr. Garry Gordon F. MD, DO, MD (H)<\/div>\n<\/td>\n<\/tr>\n<\/tbody>\n<\/table>\n<\/div>\n<\/div>\n<hr \/>\n<h2 class=\"style57\" align=\"center\"><span class=\"style57\">Wobenzima para pacientes com cancer<\/span><\/h2>\n<h3 class=\"style57\" align=\"center\"><span class=\"style40\">Descubra a enzima curativa usada para tratar com sucesso de pacientes com cancer<\/span><\/h3>\n<p><strong><img loading=\"lazy\" class=\"alignleft\" src=\"http:\/\/curasdocancer.com\/images\/dr-gordon.jpg\" alt=\"\" width=\"253\" height=\"346\" border=\"1\" \/>Wobenzima (Wobenzym \u00ae) <\/strong><\/p>\n<p>Embora Wobenzima seja comercializada para problemas m\u00fasculo-esquel\u00e9ticos, muitos m\u00e9dicos e cl\u00ednicas de cancer dependem em terapias de alta dose de enzimas para tratar de seus pacientes. Wobenzima \u00e9 a primeira escolha de muitos m\u00e9dicos e foi criada por por cientistas altamente respeitados da Alemanha. \u00c9 uma das mais poderosa e bem pesquisada f\u00f3rmula de enzimas dispon\u00edvel hoje em dia.<\/p>\n<p>Aqui est\u00e3o algumas cita\u00e7\u00f5es sobre Wobenzym do <strong>Dr. Garry F. Gordon MD, DO, MD (H).<\/strong> O Dr. Gordon co-fundou a Academia Americana para o Avan\u00e7o da Medicina (ACAM) e serve como presidente do Instituto Gordon de Pesquisas. Ele \u00e9 considerado uma das maiores autoridades em terapias naturais.<\/p>\n<p><em>&#8220;Todos os pacientes com cancer <strong>vivem em m\u00e9dia 30% mais<\/strong> tempo se voc\u00ea adicionar Wobenzima 10 tabs tid ac.&#8221;<\/em><\/p>\n<p class=\"style27\"><strong><span class=\"style58\">Notas:<\/span> 10 c\u00e1psulas 3x\/dia, 1 hora ou mais ap\u00f3s as refei\u00e7\u00f5es<\/strong><\/p>\n<p class=\"style27\"><em>&#8220;Eu tamb\u00e9m tenho sido muito bem sucedido no gerenciamento a longo prazo de todos os pacientes de cancer da pr\u00f3stata atrav\u00e9s da adi\u00e7\u00e3o de Wobenzima aos seus programas de suplementos. Aqui, a dose \u00e9 de 5-10 tid <strong>distante das refei\u00e7\u00f5es. <\/strong>Esta op\u00e7\u00e3o est\u00e1 dispon\u00edvel em seu pa\u00eds e isto tem muitos outros benef\u00edcios, pois \u00e9 anti-inflamat\u00f3rio e um inibidor de MMP e tamb\u00e9m um quelante de ferro.&#8221;<\/em> \u2014\u00a0Dr. Garry Gordon F. MD, DO, MD (H)<\/p>\n<p class=\"style27\"><strong><span class=\"style58\">Notas:<\/span> <\/strong>A Wobenzima n\u00e3o deve ser tomada durante as refei\u00e7\u00f5es. O paciente deve aguardar pelo menos 1 hora ap\u00f3s a refei\u00e7\u00e3o e tamb\u00e9m n\u00e3o comer nada por 1-4 horas ap\u00f3s tomar a Wobenzima. Importamos a Wobenzima dos Estados Unidos.<\/p>\n<p class=\"style27\"><img loading=\"lazy\" class=\"alignleft\" src=\"http:\/\/curasdocancer.com\/images\/dr-gonzalez.jpg\" alt=\"\" width=\"175\" height=\"278\" border=\"1\" \/><em>&#8220;O Dr. Nicholas Gonzales tem um protocolo para cancer no p\u00e2ncreas baseado em alta suplementa\u00e7\u00e3o com enzimas pancre\u00e1ticas (originalmente usando Wobenzima pelo menos 10+ tid) e v\u00e1rios enemas de caf\u00e9. O Instituto de Sa\u00fade Natural (NIH) est\u00e1 ajudando a estudar o seu protocolo.&#8221;<\/em><\/p>\n<p class=\"style27\"><strong><em>Notas: <\/em><\/strong>NIH \u00e9 um dos principais centros mundiais de pesquisa m\u00e9dica. <strong>Os enemas de caf\u00e9<\/strong> est\u00e3o explicados passo-a-passo no <a class=\"style27\" href=\"http:\/\/curasdocancer.com\/lojavirtual\/produto\/kit-caseiro-completo-da-dieta-natural-anti-cancer\/\">Kit\u00a0Pr\u00e1tico Anti-Cancer.<\/a><\/p>\n<p class=\"style27\"><strong>Wobenzima para Osteo-Artrite e Mieloma M\u00faltiplo<\/strong><\/p>\n<p class=\"style27\">O suplemento natural Wobenzima \u00ae \u00e9 apoiado por milh\u00f5es de d\u00f3lares em pesquisa. Embora esta investiga\u00e7\u00e3o tenha sido feita primeiramente na Europa, existem estudos aprovados pelo FDA &#8211; em curso nos Estados Unidos sobre os efeitos da Wobenzima em Osteo-Artrite e Mieloma M\u00faltiplo. Estudos na Europa t\u00eam demonstrado uma m\u00e9dia de redu\u00e7\u00e3o dos n\u00edveis de prote\u00edna C-reativa (um marcador da infec\u00e7\u00e3o cr\u00f4nica no corpo) de 30%!<\/p>\n<p>Uma nova pesquisa, publicada no New England Journal of Medicine, comprovaram que os n\u00edveis mais elevados de prote\u00edna C-reativa t\u00eam at\u00e9 seis vezes a incid\u00eancia de morte por ataque card\u00edaco e acidente vascular cerebral em n\u00edveis mais baixos. Isso obviamente significa que o uso a longo prazo de Wobenzima \u00ae pode salvar uma vida.<\/p>\n<!-- AddThis Advanced Settings generic via filter on the_content --><!-- AddThis Share Buttons generic via filter on the_content -->","protected":false},"excerpt":{"rendered":"<p><strong><em>Pacientes com cancer: <\/em><\/strong><em>Tomar 10 c\u00e1psulas 3 vezes ao dia, 1 hora ou mais ap\u00f3s as refei\u00e7\u00f5es, ou 30 minutos antes, ou como indicado pelo seu m\u00e9dico ou protocolo.<\/em><\/p>\n<p><strong><em>Repetindo: <\/em><\/strong><em>Note que Wobenzima <strong><span style=\"color: #ff0000;\">n\u00e3o<\/span> deve ser tomada juntamente com outros suplementos, alimentos ou refei\u00e7\u00f5es <\/strong>&#8211; deve ser tomada separadamente.<\/em><!-- AddThis Advanced Settings generic via filter on wp_trim_excerpt --><!-- AddThis Share Buttons generic via filter on wp_trim_excerpt --><\/p>\n","protected":false},"featured_media":3554,"template":"","meta":{"sfsi_plus_gutenberg_text_before_share":"","sfsi_plus_gutenberg_show_text_before_share":"","sfsi_plus_gutenberg_icon_type":"","sfsi_plus_gutenberg_icon_alignemt":"","sfsi_plus_gutenburg_max_per_row":"","_genesis_hide_title":false,"_genesis_hide_breadcrumbs":false,"_genesis_hide_singular_image":false,"_genesis_hide_footer_widgets":false,"_genesis_custom_body_class":"","_genesis_custom_post_class":"","_genesis_layout":""},"_links":{"self":[{"href":"http:\/\/genewei.com\/br\/wp-json\/wp\/v2\/product\/903"}],"collection":[{"href":"http:\/\/genewei.com\/br\/wp-json\/wp\/v2\/product"}],"about":[{"href":"http:\/\/genewei.com\/br\/wp-json\/wp\/v2\/types\/product"}],"wp:featuredmedia":[{"embeddable":true,"href":"http:\/\/genewei.com\/br\/wp-json\/wp\/v2\/media\/3554"}],"wp:attachment":[{"href":"http:\/\/genewei.com\/br\/wp-json\/wp\/v2\/media?parent=903"}],"curies":[{"name":"wp","href":"https:\/\/api.w.org\/{rel}","templated":true}]}}