{"id":955,"date":"2016-07-22T12:44:17","date_gmt":"2016-07-22T15:44:17","guid":{"rendered":"http:\/\/genewei.com\/br\/?post_type=product&#038;p=955"},"modified":"2018-02-24T13:48:25","modified_gmt":"2018-02-24T16:48:25","slug":"egcg-60-vcaps","status":"publish","type":"product","link":"http:\/\/genewei.com\/br\/produto\/egcg-60-vcaps\/","title":{"rendered":"EGCg (60 vcaps)"},"content":{"rendered":"\n<!-- Facebook Like Button Vivacity Infotech BEGIN -->\n<div class=\"fb-like\" data-href=\"http:\/\/genewei.com\/br\/produto\/egcg-60-vcaps\/\" data-layout=\"standard\" data-action=\"like\" data-show-faces=\"true\" data-size=\"small\" data-width=\"550\" data-share=\"1\" ><\/div>\n<!-- Facebook Like Button Vivacity Infotech END -->\n<p>Suplemento Diet\u00e9tico.\u00a0N\u00e3o cont\u00e9m gl\u00faten.<\/p>\n<p><strong>Produtos de sa\u00fade do &#8220;Designs for Health&#8221; s\u00f3 podem ser adquiridos por profissionais de sa\u00fade. Os pacientes que querem compra-los\u00a0podem obt\u00ea-los a partir de seus profissionais de sa\u00fade.<\/strong><\/p>\n<p><strong>Uso recomendado:<\/strong> Como suplemento diet\u00e9tico, tomar 1\u00a0c\u00e1psula por dia com as refei\u00e7\u00f5es, ou conforme indicado pelo seu m\u00e9dico de cuidados de sa\u00fade.<\/p>\n<p><strong>Fatos suplementares:<\/strong><\/p>\n<ul>\n<li>Por\u00e7\u00e3o de 1 c\u00e1psula<\/li>\n<li>Extrato de ch\u00e1 verde (descafeinado) 500mg<\/li>\n<li>(Camellia sinensis) (folhas)<\/li>\n<li>[Padronizado para conter 98% de polifen\u00f3is e 45% EGCg]<\/li>\n<li>Outros Ingredientes: celulose microcristalina, estearato vegetal.<\/li>\n<\/ul>\n<p><strong>Observe:<\/strong>\u00a0Cor, tamanho ou forma pode parecer diferente entre os lotes. ARMAZENAR EM LOCAL FRESCO E SECO. MANTENHA FORA DO ALCANCE DE CRIAN\u00c7AS.<\/p>\n<hr \/>\n<p><strong>Considera\u00e7\u00f5es Diet\u00e9ticas:\u00a0<\/strong>Sem Gl\u00faten<\/p>\n<p><strong>Formatos de Entrega:\u00a0<\/strong>C\u00e1psulas (vegetariano)<\/p>\n<!-- AddThis Advanced Settings generic via filter on the_content --><!-- AddThis Share Buttons generic via filter on the_content -->","protected":false},"excerpt":{"rendered":"<p>Suplemento Diet\u00e9tico.\u00a0N\u00e3o cont\u00e9m gl\u00faten. Produtos de sa\u00fade do &#8220;Designs for Health&#8221; s\u00f3 podem ser adquiridos por profissionais de sa\u00fade. Os pacientes que querem compra-los\u00a0podem obt\u00ea-los a partir de seus profissionais de sa\u00fade. Uso recomendado: Como suplemento diet\u00e9tico, tomar 1\u00a0c\u00e1psula por dia com as refei\u00e7\u00f5es, ou conforme indicado pelo seu m\u00e9dico de cuidados de sa\u00fade. Fatos<a class=\"moretag\" href=\"http:\/\/genewei.com\/br\/produto\/egcg-60-vcaps\/\"> [&#8230;] <\/a><!-- AddThis Advanced Settings generic via filter on wp_trim_excerpt --><!-- AddThis Share Buttons generic via filter on wp_trim_excerpt --><\/p>\n","protected":false},"featured_media":956,"template":"","meta":{"sfsi_plus_gutenberg_text_before_share":"","sfsi_plus_gutenberg_show_text_before_share":"","sfsi_plus_gutenberg_icon_type":"","sfsi_plus_gutenberg_icon_alignemt":"","sfsi_plus_gutenburg_max_per_row":"","_genesis_hide_title":false,"_genesis_hide_breadcrumbs":false,"_genesis_hide_singular_image":false,"_genesis_hide_footer_widgets":false,"_genesis_custom_body_class":"","_genesis_custom_post_class":"","_genesis_layout":""},"_links":{"self":[{"href":"http:\/\/genewei.com\/br\/wp-json\/wp\/v2\/product\/955"}],"collection":[{"href":"http:\/\/genewei.com\/br\/wp-json\/wp\/v2\/product"}],"about":[{"href":"http:\/\/genewei.com\/br\/wp-json\/wp\/v2\/types\/product"}],"wp:featuredmedia":[{"embeddable":true,"href":"http:\/\/genewei.com\/br\/wp-json\/wp\/v2\/media\/956"}],"wp:attachment":[{"href":"http:\/\/genewei.com\/br\/wp-json\/wp\/v2\/media?parent=955"}],"curies":[{"name":"wp","href":"https:\/\/api.w.org\/{rel}","templated":true}]}}