{"id":957,"date":"2016-07-22T13:01:20","date_gmt":"2016-07-22T16:01:20","guid":{"rendered":"http:\/\/genewei.com\/br\/?post_type=product&#038;p=957"},"modified":"2018-08-03T16:53:28","modified_gmt":"2018-08-03T19:53:28","slug":"adreno-mend","status":"publish","type":"product","link":"http:\/\/genewei.com\/br\/produto\/adreno-mend\/","title":{"rendered":"Adreno-Mend (120 vcaps)"},"content":{"rendered":"\n<!-- Facebook Like Button Vivacity Infotech BEGIN -->\n<div class=\"fb-like\" data-href=\"http:\/\/genewei.com\/br\/produto\/adreno-mend\/\" data-layout=\"standard\" data-action=\"like\" data-show-faces=\"true\" data-size=\"small\" data-width=\"550\" data-share=\"1\" ><\/div>\n<!-- Facebook Like Button Vivacity Infotech END -->\n<p><strong>Adreno-Mend,<\/strong> fornecido por Douglas Laboratories, \u00e9 uma combina\u00e7\u00e3o sin\u00e9rgica de dez extratos de ervas altamente valorizados com propriedades de adapta\u00e7\u00e3o destinadas a apoiar a fun\u00e7\u00e3o saud\u00e1vel e equilibrada da gl\u00e2ndula adrenal. Adreno-Mend pode ser um suplemento diet\u00e9tico \u00fatil para indiv\u00edduos que desejam apoiar a fun\u00e7\u00e3o adrenal saud\u00e1vel com esta mistura \u00fanica de ingredientes.<\/p>\n<p>A planta adaptogens em Adreno-Mend trata eficazmente todas as fases de estresse tanto aguda como cr\u00f3nica, apoia a capacidade do organismo de se adaptar ao estresse e ajuda a evitar as consequ\u00eancias nefastas de tais fatores. Colectivamente, a planta adaptogens pode suportar sintomas de fadiga e aumentar a resist\u00eancia, bem como apoiar bem-estar mental normal e emocional. Planta adaptogens \u00a0tamb\u00e9m pode aumentar a capacidade do corpo para resistir e recuperar do estresse, proporcionando uma sensa\u00e7\u00e3o geral de equil\u00edbrio e normaliza\u00e7\u00e3o.<\/p>\n<hr \/>\n<div><strong>Dose por suplemento:<\/strong> 60 ou 30<\/div>\n<div><\/div>\n<div><strong>Uso sugerido:<\/strong><\/div>\n<ul>\n<li>Como um suplemento diet\u00e9tico, os adultos podem tomar <strong>2 c\u00e1psulas diariamente<\/strong> com alimentos para 1 a 2 semanas ou conforme indicado pelo seu profissional de sa\u00fade.<\/li>\n<li>A dose pode ser aumentada para <strong>4 c\u00e1psulas diariamente<\/strong> com alimentos para 1 a 3 meses ou conforme indicado pelo seu profissional de sa\u00fade. Depois de 1 a 3 meses dosagem pode ser reduzida de volta para baixo para 2 c\u00e1psulas diariamente com alimentos e pode continuar conforme necess\u00e1rio, ou conforme indicado pelo seu profissional de sa\u00fade.<\/li>\n<\/ul>\n<p><strong>Quantidade por por\u00e7\u00e3o:<\/strong><\/p>\n<p><strong>Mistura patenteada<\/strong> &#8230; 955 mg | 1, 910 mg<br \/>\n<em>Mistura patenteada contendo nada menos do que 200 mg por 4 c\u00e1psulas para cada um dos seguintes: Schisandra chinensis (semente, padronizado para 2% schisandrins), Bacopa monnieri (partes a\u00e9reas, padronizado para 20% bacosides), Rhodiola rosea (raiz, padronizado para 5 % rosavins e 2% salidrosides), Eleutherococcus senticosus (raiz, padronizada\u00a0para 0,8% eleutherosides), Magnolia officinalis (root, padronizado para 5% honokiol), Rhemannia glutinosa (7:1 extrato), Bupleurum falcatum (5:1 extrato), Panax ginseng (root, padronizado para 3% de ginsenos\u00eddeos), forskohlii Coleus (root, padronizado para 1% forskolin)<\/em><br \/>\n<strong>Sensoril<\/strong> &#8230; 125mg | 250mg<br \/>\n<em>(Somnifera, raiz e extrato de folha, padronizado para um m\u00ednimo de 8% conjugados withanolide glicos\u00eddeos e 32% oligossacar\u00eddeos)<\/em><\/p>\n<p><strong>Outros Ingredientes:<\/strong> Hidroxipropilmetilcelulose (c\u00e1psula), celulose, fosfato dic\u00e1lcico, estearato vegetal e s\u00edlica.<\/p>\n<hr \/>\n<p>Se voc\u00ea estiver gr\u00e1vida ou amamentando, consulte o seu profissional de sa\u00fade antes de usar este produto. Se voc\u00ea estiver tomando medicamentos prescritos, consulte o seu profissional de sa\u00fade antes de usar este produto.<\/p>\n<p>Armazenar em local fresco e seco, longe da luz direta.<\/p>\n<p><strong>Mantenha fora do alcance de crian\u00e7as.<\/strong><\/p>\n<p><em>Estas declara\u00e7\u00f5es n\u00e3o foram avaliadas pela Administra\u00e7\u00e3o de Alimentos e Drogas dos EUA.<\/em><br \/>\n<em>Este produto n\u00e3o se destina a diagnosticar, tratar, curar ou prevenir qualquer doen\u00e7a.<\/em><\/p>\n<!-- AddThis Advanced Settings generic via filter on the_content --><!-- AddThis Share Buttons generic via filter on the_content -->","protected":false},"excerpt":{"rendered":"<p>Adreno-Mend, fornecido por Douglas Laboratories, \u00e9 uma combina\u00e7\u00e3o sin\u00e9rgica de dez extratos de ervas altamente valorizados com propriedades de adapta\u00e7\u00e3o destinadas a apoiar a fun\u00e7\u00e3o saud\u00e1vel e equilibrada da gl\u00e2ndula adrenal. Adreno-Mend pode ser um suplemento diet\u00e9tico \u00fatil para indiv\u00edduos que desejam apoiar a fun\u00e7\u00e3o adrenal saud\u00e1vel com esta mistura \u00fanica de ingredientes. A planta<a class=\"moretag\" href=\"http:\/\/genewei.com\/br\/produto\/adreno-mend\/\"> [&#8230;] <\/a><!-- AddThis Advanced Settings generic via filter on wp_trim_excerpt --><!-- AddThis Share Buttons generic via filter on wp_trim_excerpt --><\/p>\n","protected":false},"featured_media":1014,"template":"","meta":{"sfsi_plus_gutenberg_text_before_share":"","sfsi_plus_gutenberg_show_text_before_share":"","sfsi_plus_gutenberg_icon_type":"","sfsi_plus_gutenberg_icon_alignemt":"","sfsi_plus_gutenburg_max_per_row":"","_genesis_hide_title":false,"_genesis_hide_breadcrumbs":false,"_genesis_hide_singular_image":false,"_genesis_hide_footer_widgets":false,"_genesis_custom_body_class":"","_genesis_custom_post_class":"","_genesis_layout":""},"_links":{"self":[{"href":"http:\/\/genewei.com\/br\/wp-json\/wp\/v2\/product\/957"}],"collection":[{"href":"http:\/\/genewei.com\/br\/wp-json\/wp\/v2\/product"}],"about":[{"href":"http:\/\/genewei.com\/br\/wp-json\/wp\/v2\/types\/product"}],"wp:featuredmedia":[{"embeddable":true,"href":"http:\/\/genewei.com\/br\/wp-json\/wp\/v2\/media\/1014"}],"wp:attachment":[{"href":"http:\/\/genewei.com\/br\/wp-json\/wp\/v2\/media?parent=957"}],"curies":[{"name":"wp","href":"https:\/\/api.w.org\/{rel}","templated":true}]}}