{"id":959,"date":"2016-07-22T13:19:59","date_gmt":"2016-07-22T16:19:59","guid":{"rendered":"http:\/\/genewei.com\/br\/?post_type=product&#038;p=959"},"modified":"2018-02-24T13:49:38","modified_gmt":"2018-02-24T16:49:38","slug":"quercenase-60-vcaps","status":"publish","type":"product","link":"http:\/\/genewei.com\/br\/produto\/quercenase-60-vcaps\/","title":{"rendered":"Quercenase (60 vcaps)"},"content":{"rendered":"\n<!-- Facebook Like Button Vivacity Infotech BEGIN -->\n<div class=\"fb-like\" data-href=\"http:\/\/genewei.com\/br\/produto\/quercenase-60-vcaps\/\" data-layout=\"standard\" data-action=\"like\" data-show-faces=\"true\" data-size=\"small\" data-width=\"550\" data-share=\"1\" ><\/div>\n<!-- Facebook Like Button Vivacity Infotech END -->\n<p><strong>Combina\u00e7\u00e3o de\u00a0chalcona quercetina e bromelina.<\/strong><\/p>\n<ul>\n<li>uma\u00a0f\u00f3rmula potente antioxidante bem absorvida<\/li>\n<li>fornece apoio cardiovascular, gastrointestinal, e respirat\u00f3rio<\/li>\n<\/ul>\n<p>Quercenase\u00ae \u00e9 uma combina\u00e7\u00e3o de quercetina sol\u00favel em \u00e1gua e a bromelina. A bromela\u00edna \u00e9 um composto de enzimas proteoliticas derivadas do anan\u00e1s. A bromela\u00edna tem propriedades de prote\u00edna-digest\u00edvel e de refor\u00e7o-imunol\u00f3gico. A bromela\u00edna tamb\u00e9m cont\u00e9m constituintes que ajudam a manter\u00a0a resposta inflamat\u00f3ria normal do corpo, e pode ajudar a absor\u00e7\u00e3o de quercetina sol\u00favel.<\/p>\n<p>A quercetina parece ter muitos efeitos ben\u00e9ficos sobre a sa\u00fade humana, incluindo a protec\u00e7\u00e3o cardiovascular, bem como a prote\u00e7\u00e3o do tracto gastrointestinal. Um certo n\u00famero de efeitos de quercetina parecem ser devido \u00e0 sua atividade antioxidante. A quercetina elimina os radicais livres e inibe a oxida\u00e7\u00e3o do colesterol LDL. Por si s\u00f3, e emparelhada com a vitamina C, a quercetina pode reduzir a incid\u00eancia de dano oxidativo para a pele e os nervos causadas pela deple\u00e7\u00e3o de glutationa. A quercetina tamb\u00e9m estabiliza a maioria das c\u00e9lulas que armazenam e liberam histamina.<\/p>\n<p>O flavon\u00f3ide quercetina \u00e9 onipresente na comunidade vegetal. \u00c9 composto por uma estrutura de tr\u00eas an\u00e9is, com uma mol\u00e9cula de oxig\u00e9nio na parte superior do\u00a0anel flavon\u00f3ide do meio. Ele cont\u00e9m cinco grupos de hidroxila (OH), o que lhe d\u00e1\u00a0potente atividade antioxidante. No entanto, a quercetina regular n\u00e3o \u00e9 sol\u00favel em \u00e1gua e \u00e9 mal absorvida a partir de uma dose oral. A quercetina sol\u00favel em \u00e1gua da Thorne Researchs \u00e9 mais biodispon\u00edvel que a quercetina regular.<\/p>\n<hr \/>\n<div id=\"itemservings\"><strong>Dose por Recipiente:<\/strong> 60 vcaps<\/div>\n<div><\/div>\n<div>Tome 1 c\u00e1psula 3 vezes por dia ou como recomendado pelo seu profissional de sa\u00fade.<\/div>\n<div><\/div>\n<div><strong>Dose:<\/strong> 1 C\u00e1psula Vegetariana<\/div>\n<div><\/div>\n<div><strong>Quantidade por por\u00e7\u00e3o:<\/strong><br \/>\nQuercetina (sol\u00favel em \u00e1gua)&#8230; 250mg<br \/>\nBromela\u00edna*&#8230; 100 mg<\/div>\n<div><\/div>\n<div>\n<p><strong>Outros ingredientes:<\/strong> C\u00e1psula Hipromelose (derivada\u00a0de celulose), Celulose microcristalina, Di\u00f3xido de Sil\u00edcio.<\/p>\n<hr \/>\n<p><strong>Considera\u00e7\u00f5es Diet\u00e9ticas:<\/strong><\/p>\n<ul>\n<li>Sem Trigo<\/li>\n<li>Sem Gl\u00faten<\/li>\n<li>Sem Milho<\/li>\n<li>Sem Fermento<\/li>\n<li>Sem Soja<\/li>\n<li>Sem Ovos<\/li>\n<li>Sem\u00a0Produtos L\u00e1cteos<\/li>\n<li>Sem\u00a0Cores\u00a0ou\u00a0Sabores\u00a0Artificiais<\/li>\n<li>Sem\u00a0Ado\u00e7antes Artificiais<\/li>\n<\/ul>\n<\/div>\n<p>Este produto tamb\u00e9m n\u00e3o cont\u00e9m lactose, \u00e1cido palm\u00edtico, estearato de magn\u00e9sio ou \u00e1cido este\u00e1rico.<\/p>\n<p><em>* A bromela\u00edna \u00e9 derivada do anan\u00e1s (Anan\u00e1s comosus). Este produto n\u00e3o \u00e9 dilu\u00eddo com lactose.<\/em><\/p>\n<!-- AddThis Advanced Settings generic via filter on the_content --><!-- AddThis Share Buttons generic via filter on the_content -->","protected":false},"excerpt":{"rendered":"<p>Combina\u00e7\u00e3o de\u00a0chalcona quercetina e bromelina. uma\u00a0f\u00f3rmula potente antioxidante bem absorvida fornece apoio cardiovascular, gastrointestinal, e respirat\u00f3rio Quercenase\u00ae \u00e9 uma combina\u00e7\u00e3o de quercetina sol\u00favel em \u00e1gua e a bromelina. A bromela\u00edna \u00e9 um composto de enzimas proteoliticas derivadas do anan\u00e1s. A bromela\u00edna tem propriedades de prote\u00edna-digest\u00edvel e de refor\u00e7o-imunol\u00f3gico. A bromela\u00edna tamb\u00e9m cont\u00e9m constituintes que ajudam<a class=\"moretag\" href=\"http:\/\/genewei.com\/br\/produto\/quercenase-60-vcaps\/\"> [&#8230;] <\/a><!-- AddThis Advanced Settings generic via filter on wp_trim_excerpt --><!-- AddThis Share Buttons generic via filter on wp_trim_excerpt --><\/p>\n","protected":false},"featured_media":960,"template":"","meta":{"sfsi_plus_gutenberg_text_before_share":"","sfsi_plus_gutenberg_show_text_before_share":"","sfsi_plus_gutenberg_icon_type":"","sfsi_plus_gutenberg_icon_alignemt":"","sfsi_plus_gutenburg_max_per_row":"","_genesis_hide_title":false,"_genesis_hide_breadcrumbs":false,"_genesis_hide_singular_image":false,"_genesis_hide_footer_widgets":false,"_genesis_custom_body_class":"","_genesis_custom_post_class":"","_genesis_layout":""},"_links":{"self":[{"href":"http:\/\/genewei.com\/br\/wp-json\/wp\/v2\/product\/959"}],"collection":[{"href":"http:\/\/genewei.com\/br\/wp-json\/wp\/v2\/product"}],"about":[{"href":"http:\/\/genewei.com\/br\/wp-json\/wp\/v2\/types\/product"}],"wp:featuredmedia":[{"embeddable":true,"href":"http:\/\/genewei.com\/br\/wp-json\/wp\/v2\/media\/960"}],"wp:attachment":[{"href":"http:\/\/genewei.com\/br\/wp-json\/wp\/v2\/media?parent=959"}],"curies":[{"name":"wp","href":"https:\/\/api.w.org\/{rel}","templated":true}]}}