{"id":964,"date":"2016-07-22T13:56:41","date_gmt":"2016-07-22T16:56:41","guid":{"rendered":"http:\/\/genewei.com\/br\/?post_type=product&#038;p=964"},"modified":"2018-02-24T13:39:14","modified_gmt":"2018-02-24T16:39:14","slug":"butirato-sodio-potassio-500-mg-100-caps","status":"publish","type":"product","link":"http:\/\/genewei.com\/br\/produto\/butirato-sodio-potassio-500-mg-100-caps\/","title":{"rendered":"Butirato S\u00f3dio-Pot\u00e1ssio 500 mg (100 caps)"},"content":{"rendered":"\n<!-- Facebook Like Button Vivacity Infotech BEGIN -->\n<div class=\"fb-like\" data-href=\"http:\/\/genewei.com\/br\/produto\/butirato-sodio-potassio-500-mg-100-caps\/\" data-layout=\"standard\" data-action=\"like\" data-show-faces=\"true\" data-size=\"small\" data-width=\"550\" data-share=\"1\" ><\/div>\n<!-- Facebook Like Button Vivacity Infotech END -->\n<p><strong>Sodium-Potassium Butyrate 500 mg (100 caps) |\u00a0Butirato S\u00f3dio-Pot\u00e1ssio 500 mg (100 caps)<\/strong><\/p>\n<p><strong>Suplemento Diet\u00e9tico<\/strong><\/p>\n<p><strong>Fatos Suplementares<\/strong><br \/>\nTamanho da dose: 1 c\u00e1psula<br \/>\nDose por\u00a0recipiente: 100<\/p>\n<p><strong>Quantidade por por\u00e7\u00e3o:<\/strong><\/p>\n<p>Calorias 5<br \/>\nCalorias de gordura 4<br \/>\nGordura Total 570 mg<br \/>\nS\u00f3dio 70 mg<br \/>\nPot\u00e1ssio 100 mg<br \/>\n\u00c1cido But\u00edrico 500 mg<\/p>\n<p><strong>Ingredientes:<\/strong> \u00c1cido But\u00edrico, Hidr\u00f3xido de S\u00f3dio, Hidr\u00f3xido de Pot\u00e1ssio, e Triglicer\u00eddeos de Cadeia M\u00e9dia.<\/p>\n<p><strong>Sugest\u00e3o de Uso:<\/strong> 1-2 c\u00e1psulas com cada refei\u00e7\u00e3o. Cada c\u00e1psula cont\u00e9m pelo menos 500 mg de \u00c1cido But\u00edrico<\/p>\n<p>Sem fermento, sem trigo, sem milho, sem soja, sem\u00a0produtos l\u00e1cteos, sem cores artificiais, resinas, ou enchimentos.<\/p>\n<p><em>&#8220;\u00c1cidos gordos de cadeia curta (AGCC), em particular butirato, foram mostrados para regular a prolifera\u00e7\u00e3o celular in vitro e in vivo. De fato, butirato \u00e9 o principal combust\u00edvel para as c\u00e9lulas epiteliais do c\u00f3lon, e pode influenciar a prolifera\u00e7\u00e3o celular atrav\u00e9s da liberta\u00e7\u00e3o de fatores de crescimento ou p\u00e9ptidos gastrointestinais tais como gastrina, ou atrav\u00e9s de\u00a0modula\u00e7\u00e3o do fluxo sangu\u00edneo da mucosa. Por \u00faltimo, <em>AGCC<\/em> pode atuar diretamente sobre os genes que regulam a prolifera\u00e7\u00e3o celular, e butirato \u00e9 o principal AGCC para apresentar um tal efeito.&#8221;<\/em> \u2014 Herve M. Blotti\u00e8re, 2003*<\/p>\n<p>*Esta declara\u00e7\u00e3o n\u00e3o foi avaliada pela Administra\u00e7\u00e3o de Alimentos e Medicamentos dos EUA. Este produto n\u00e3o se destina a diagnosticar, tratar, curar ou prevenir qualquer doen\u00e7a.<\/p>\n<hr \/>\n<p><strong>Considera\u00e7\u00f5es Diet\u00e9ticas:<\/strong><\/p>\n<ul>\n<li>Sem Trigo<\/li>\n<li>Sem Lactose\/ Leite<\/li>\n<li>Sem Soja<\/li>\n<li>Sem\u00a0Levedura<\/li>\n<li>Sem Milho<\/li>\n<li>Sem\u00a0Cores Artificiais\/\u00a0Sabores<\/li>\n<\/ul>\n<p><strong>Formatos de Entrega:\u00a0<\/strong>C\u00e1psulas (n\u00e3o-veg ou n\u00e3o especificada)<\/p>\n<!-- AddThis Advanced Settings generic via filter on the_content --><!-- AddThis Share Buttons generic via filter on the_content -->","protected":false},"excerpt":{"rendered":"<p>Sodium-Potassium Butyrate 500 mg (100 caps) |\u00a0Butirato S\u00f3dio-Pot\u00e1ssio 500 mg (100 caps) Suplemento Diet\u00e9tico Fatos Suplementares Tamanho da dose: 1 c\u00e1psula Dose por\u00a0recipiente: 100 Quantidade por por\u00e7\u00e3o: Calorias 5 Calorias de gordura 4 Gordura Total 570 mg S\u00f3dio 70 mg Pot\u00e1ssio 100 mg \u00c1cido But\u00edrico 500 mg Ingredientes: \u00c1cido But\u00edrico, Hidr\u00f3xido de S\u00f3dio, Hidr\u00f3xido de<a class=\"moretag\" href=\"http:\/\/genewei.com\/br\/produto\/butirato-sodio-potassio-500-mg-100-caps\/\"> [&#8230;] <\/a><!-- AddThis Advanced Settings generic via filter on wp_trim_excerpt --><!-- AddThis Share Buttons generic via filter on wp_trim_excerpt --><\/p>\n","protected":false},"featured_media":965,"template":"","meta":{"sfsi_plus_gutenberg_text_before_share":"","sfsi_plus_gutenberg_show_text_before_share":"","sfsi_plus_gutenberg_icon_type":"","sfsi_plus_gutenberg_icon_alignemt":"","sfsi_plus_gutenburg_max_per_row":"","_genesis_hide_title":false,"_genesis_hide_breadcrumbs":false,"_genesis_hide_singular_image":false,"_genesis_hide_footer_widgets":false,"_genesis_custom_body_class":"","_genesis_custom_post_class":"","_genesis_layout":""},"_links":{"self":[{"href":"http:\/\/genewei.com\/br\/wp-json\/wp\/v2\/product\/964"}],"collection":[{"href":"http:\/\/genewei.com\/br\/wp-json\/wp\/v2\/product"}],"about":[{"href":"http:\/\/genewei.com\/br\/wp-json\/wp\/v2\/types\/product"}],"wp:featuredmedia":[{"embeddable":true,"href":"http:\/\/genewei.com\/br\/wp-json\/wp\/v2\/media\/965"}],"wp:attachment":[{"href":"http:\/\/genewei.com\/br\/wp-json\/wp\/v2\/media?parent=964"}],"curies":[{"name":"wp","href":"https:\/\/api.w.org\/{rel}","templated":true}]}}